{"id":2726,"date":"2024-05-11T21:13:03","date_gmt":"2024-05-11T13:13:03","guid":{"rendered":"https:\/\/www.oc-epc.com\/?post_type=product&#038;p=2726"},"modified":"2024-12-02T14:49:46","modified_gmt":"2024-12-02T06:49:46","slug":"maquina-de-formacion","status":"publish","type":"product","link":"https:\/\/www.oc-epc.com\/es\/product\/forming-machine\/","title":{"rendered":"M\u00e1quina de formaci\u00f3n hidr\u00e1ulica PLC vertical"},"content":{"rendered":"<p>1 \u3001 El control de la computadora PLC completa autom\u00e1ticamente un proceso de moldeo.<\/p>\n<table class=\"aligncenter\" style=\"border-collapse: collapse; width: 76.1795%; height: 282px;\">\n<tbody>\n<tr>\n<td style=\"width: 50%; border-style: hidden; border-color: #ffffff; background-color: #ffffff;\"><img fetchpriority=\"high\" decoding=\"async\" class=\"wp-image-3825 aligncenter\" src=\"http:\/\/www.oc-epc.com\/wp-content\/uploads\/2024\/05\/1-1-300x225.png\" alt=\"\" width=\"372\" height=\"279\" srcset=\"\" sizes=\"(max-width: 372px) 100vw, 372px\" data-srcset=\"\" \/><\/td>\n<td style=\"width: 49.1639%; border-style: hidden; border-color: #ffffff; background-color: #ffffff;\"><img decoding=\"async\" class=\"wp-image-3826 aligncenter\" src=\"http:\/\/www.oc-epc.com\/wp-content\/uploads\/2024\/05\/2-300x242.png\" alt=\"\" width=\"345\" height=\"279\" srcset=\"\" sizes=\"(max-width: 345px) 100vw, 345px\" data-srcset=\"\" \/><\/td>\n<\/tr>\n<\/tbody>\n<\/table>\n<p>&nbsp;<\/p>\n<p>2 \u3001 El sistema de interfaz de m\u00e1quina humana de la m\u00e1quina de moldeo tiene funci\u00f3n de control remoto, actualizaci\u00f3n y optimizaci\u00f3n del sistema remoto gratuito;<\/p>\n<p>&nbsp;<\/p>\n<p>3 \u3001 Adoptar conceptos avanzados de \"separaci\u00f3n del agua de vapor, recuperaci\u00f3n de energ\u00eda de enfriamiento de vac\u00edo y tecnolog\u00eda de desmoldeamiento de alta temperatura\" para lograr una producci\u00f3n eficiente, ahorrador de energ\u00eda, automatizada, control inteligente y gesti\u00f3n no tripulada;<\/p>\n<p>&nbsp;<\/p>\n<table class=\"aligncenter\" style=\"width: 78.7038%; border-collapse: collapse; border-style: none; border-color: #ffffff; background-color: #ffffff; height: 312px;\">\n<tbody>\n<tr>\n<td style=\"width: 50%; border-color: #ffffff; background-color: #ffffff; border-style: hidden;\"><img decoding=\"async\" class=\"wp-image-3827 aligncenter\" src=\"http:\/\/www.oc-epc.com\/wp-content\/uploads\/2024\/05\/3-1-300x295.png\" alt=\"\" width=\"335\" height=\"330\" srcset=\"\" sizes=\"(max-width: 335px) 100vw, 335px\" data-srcset=\"\" \/><\/td>\n<td style=\"width: 50%; border-color: #ffffff; background-color: #ffffff; border-style: hidden; text-align: center;\"><img loading=\"lazy\" decoding=\"async\" class=\"wp-image-3828 aligncenter\" src=\"http:\/\/www.oc-epc.com\/wp-content\/uploads\/2024\/05\/4-1-300x265.png\" alt=\"\" width=\"370\" height=\"327\" srcset=\"\" sizes=\"(max-width: 370px) 100vw, 370px\" data-srcset=\"\" \/><\/td>\n<\/tr>\n<\/tbody>\n<\/table>\n<p>&nbsp;<\/p>\n<p style=\"text-align: center;\">\uff08Enfriamiento de inundaciones de agua\uff09 \uff08Sistema de vac\u00edo\uff09<\/p>\n<p>&nbsp;<\/p>\n<p>4 \u3001 El equipo incluye un tanque de alimentaci\u00f3n presurizado, que tiene una funci\u00f3n de alimentaci\u00f3n autom\u00e1tica;<\/p>\n<p>&nbsp;<\/p>\n<table class=\"aligncenter\" style=\"height: 274px; width: 77.5599%; border-collapse: collapse; border-style: hidden; border-color: #ffffff; background-color: #ffffff;\">\n<tbody>\n<tr style=\"height: 24px;\">\n<td style=\"width: 50%; height: 24px; border-style: hidden; border-color: #ffffff; background-color: #ffffff;\"><img loading=\"lazy\" decoding=\"async\" class=\"wp-image-3829 aligncenter\" src=\"http:\/\/www.oc-epc.com\/wp-content\/uploads\/2024\/05\/5-300x209.png\" alt=\"\" width=\"368\" height=\"257\" srcset=\"\" sizes=\"(max-width: 368px) 100vw, 368px\" data-srcset=\"\" \/><\/td>\n<td style=\"width: 182.954%; height: 24px; border-color: #ffffff; background-color: #ffffff; border-style: hidden;\"><img loading=\"lazy\" decoding=\"async\" class=\"wp-image-3830 aligncenter\" src=\"http:\/\/www.oc-epc.com\/wp-content\/uploads\/2024\/05\/6-300x205.png\" alt=\"\" width=\"379\" height=\"259\" srcset=\"\" sizes=\"(max-width: 379px) 100vw, 379px\" data-srcset=\"\" \/><\/td>\n<\/tr>\n<\/tbody>\n<\/table>\n<p>5 \u3001 La m\u00e1quina de moldeo tiene una cavidad de moho sobre la funci\u00f3n de protecci\u00f3n de presi\u00f3n y coopera con el molde para agotar activamente durante la alimentaci\u00f3n<\/p>\n<p>&nbsp;<\/p>\n<p>6 \u3001 La plantilla est\u00e1 hecha de placa de acero Q325 soldada juntas y sufre un tratamiento t\u00e9rmico de alta temperatura a 600 grados para garantizar que la placa de acero no se deforme f\u00e1cilmente.<\/p>\n<p>&nbsp;<\/p>\n<table class=\"aligncenter\" style=\"border-collapse: collapse; width: 80.1992%; height: 258px;\">\n<tbody>\n<tr>\n<td style=\"width: 50%; border-style: hidden; border-color: #ffffff; background-color: #ffffff;\"><img loading=\"lazy\" decoding=\"async\" class=\"wp-image-3831 aligncenter\" src=\"http:\/\/www.oc-epc.com\/wp-content\/uploads\/2024\/05\/7-300x225.png\" alt=\"\" width=\"385\" height=\"289\" srcset=\"\" sizes=\"(max-width: 385px) 100vw, 385px\" data-srcset=\"\" \/><\/td>\n<td style=\"width: 50%; border-style: hidden; border-color: #ffffff; background-color: #ffffff;\"><img loading=\"lazy\" decoding=\"async\" class=\"wp-image-3832 aligncenter\" src=\"http:\/\/www.oc-epc.com\/wp-content\/uploads\/2024\/05\/8-300x225.png\" alt=\"\" width=\"385\" height=\"289\" srcset=\"\" sizes=\"(max-width: 385px) 100vw, 385px\" data-srcset=\"\" \/><\/td>\n<\/tr>\n<\/tbody>\n<\/table>","protected":false},"excerpt":{"rendered":"<table style=\"border-collapse: collapse; width: 79.9088%; height: 48px;\">\n<tbody>\n<tr style=\"height: 24px;\">\n<td style=\"width: 20%; height: 24px;\">Modelo<\/td>\n<td style=\"width: 10.4618%; height: 24px;\">OC-CX-Y1210<\/td>\n<td style=\"width: 13.187%; height: 24px;\">OC-CX-Y1512<\/td>\n<td style=\"width: 13.0355%; height: 24px;\">OC-CX-Y1815<\/td>\n<td style=\"width: 12.7252%; height: 24px;\">OC-CX-Y2318<\/td>\n<td style=\"width: 11.514%;\">OC-CX-Y2822<\/td>\n<\/tr>\n<tr style=\"height: 24px;\">\n<td style=\"width: 20%; height: 24px;\">Tama\u00f1o de la tabla de trabajo {{url_placeholder_0}}<\/td>\n<td style=\"width: 10.4618%; height: 24px;\">1200*1000<\/td>\n<td style=\"width: 13.187%; height: 24px;\">1500*1200<\/td>\n<td style=\"width: 13.0355%; height: 24px;\">1800*1500<\/td>\n<td style=\"width: 12.7252%; height: 24px;\">2300*1800<\/td>\n<td style=\"width: 11.514%;\">2800*2200<\/td>\n<\/tr>\n<tr>\n<td style=\"width: 20%;\">Itinerario {{url_placeholder_0}}<\/td>\n<td style=\"width: 10.4618%;\">1500<\/td>\n<td style=\"width: 13.187%;\">1500<\/td>\n<td style=\"width: 13.0355%;\">1500<\/td>\n<td style=\"width: 12.7252%;\">2500<\/td>\n<td style=\"width: 11.514%;\">2000<\/td>\n<\/tr>\n<\/tbody>\n<\/table>\n<p>Nota: La personalizaci\u00f3n es aceptable si hay requisitos de tama\u00f1o especiales<\/p>","protected":false},"featured_media":3866,"comment_status":"open","ping_status":"closed","template":"","meta":{"_acf_changed":false,"jetpack_publicize_message":"","jetpack_publicize_feature_enabled":true,"jetpack_social_post_already_shared":false,"jetpack_social_options":{"image_generator_settings":{"template":"highway","default_image_id":0,"font":"","enabled":false},"version":2}},"product_brand":[],"product_cat":[150],"product_tag":[],"class_list":{"0":"post-2726","1":"product","2":"type-product","3":"status-publish","4":"has-post-thumbnail","6":"product_cat-vertical-molding-machine","8":"first","9":"instock","10":"shipping-taxable","11":"product-type-simple"},"acf":[],"jetpack_publicize_connections":[],"_links":{"self":[{"href":"https:\/\/www.oc-epc.com\/es\/wp-json\/wp\/v2\/product\/2726","targetHints":{"allow":["GET"]}}],"collection":[{"href":"https:\/\/www.oc-epc.com\/es\/wp-json\/wp\/v2\/product"}],"about":[{"href":"https:\/\/www.oc-epc.com\/es\/wp-json\/wp\/v2\/types\/product"}],"replies":[{"embeddable":true,"href":"https:\/\/www.oc-epc.com\/es\/wp-json\/wp\/v2\/comments?post=2726"}],"wp:featuredmedia":[{"embeddable":true,"href":"https:\/\/www.oc-epc.com\/es\/wp-json\/wp\/v2\/media\/3866"}],"wp:attachment":[{"href":"https:\/\/www.oc-epc.com\/es\/wp-json\/wp\/v2\/media?parent=2726"}],"wp:term":[{"taxonomy":"product_brand","embeddable":true,"href":"https:\/\/www.oc-epc.com\/es\/wp-json\/wp\/v2\/product_brand?post=2726"},{"taxonomy":"product_cat","embeddable":true,"href":"https:\/\/www.oc-epc.com\/es\/wp-json\/wp\/v2\/product_cat?post=2726"},{"taxonomy":"product_tag","embeddable":true,"href":"https:\/\/www.oc-epc.com\/es\/wp-json\/wp\/v2\/product_tag?post=2726"}],"curies":[{"name":"WP","href":"https:\/\/api.w.org\/{rel}","templated":true}]}}