{"id":3663,"date":"2024-10-21T12:33:38","date_gmt":"2024-10-21T04:33:38","guid":{"rendered":"https:\/\/www.oc-epc.com\/?post_type=product&#038;p=3663"},"modified":"2024-12-13T14:06:31","modified_gmt":"2024-12-13T06:06:31","slug":"secador-de-aire","status":"publish","type":"product","link":"https:\/\/www.oc-epc.com\/es\/product\/air-dryer\/","title":{"rendered":"Secador de aire montado en la parte trasera"},"content":{"rendered":"<table style=\"border-collapse: collapse; width: 100%;\">\n<tbody>\n<tr>\n<td style=\"width: 25%; text-align: center;\">Modelo<\/td>\n<td style=\"width: 25%; text-align: center;\">Tama\u00f1o {{url_placeholder_0}}<\/td>\n<td style=\"width: 25%; text-align: center;\">Compresor<\/td>\n<td style=\"width: 25%; text-align: center;\">\u00c1rea de sala de secado {{url_placeholder_0}}<\/td>\n<\/tr>\n<tr>\n<td style=\"width: 25%; text-align: center;\">OC-HGCS-H070<\/td>\n<td style=\"width: 25%; text-align: center;\">1020*750*1800<\/td>\n<td style=\"width: 25%; text-align: center;\">1*7p<\/td>\n<td style=\"width: 25%; text-align: center;\">40-50<\/td>\n<\/tr>\n<tr>\n<td style=\"width: 25%; text-align: center;\">OC-HGCS-H100<\/td>\n<td style=\"width: 25%; text-align: center;\">1390*840*1930<\/td>\n<td style=\"width: 25%; text-align: center;\">1*10p<\/td>\n<td style=\"width: 25%; text-align: center;\">50-60<\/td>\n<\/tr>\n<tr>\n<td style=\"width: 25%; text-align: center;\">OC-HGCS-HS070<\/td>\n<td style=\"width: 25%; text-align: center;\">1850*840*2180<\/td>\n<td style=\"width: 25%; text-align: center;\">2*7p<\/td>\n<td style=\"width: 25%; text-align: center;\">80<\/td>\n<\/tr>\n<tr>\n<td style=\"width: 25%; text-align: center;\">OC-HGCS-HS100<\/td>\n<td style=\"width: 25%; text-align: center;\">2850*1400*1990<\/td>\n<td style=\"width: 25%; text-align: center;\">2*10p<\/td>\n<td style=\"width: 25%; text-align: center;\">100<\/td>\n<\/tr>\n<\/tbody>\n<\/table>\n<p>&nbsp;<\/p>\n<ul>\n<li>La instalaci\u00f3n de la m\u00e1quina no ocupa el espacio interno de la sala de secado.<\/li>\n<li>Un tama\u00f1o mayor del dispositivo de eliminaci\u00f3n de agua da como resultado un rendimiento de deshumidificaci\u00f3n m\u00e1s fuerte cuando se usa las mismas especificaciones del compresor.<\/li>\n<li>Puede cumplir con el requisito de operaci\u00f3n continua durante un per\u00edodo de tiempo m\u00e1s largo.<\/li>\n<li>Con diferentes formas de fuelles, puede cumplir con los requisitos del suministro directo de aire caliente o el suministro de aire de la tuber\u00eda en la sala de secado.<\/li>\n<li>La m\u00e1quina es m\u00e1s grande y tiene una gran apariencia.<\/li>\n<\/ul>","protected":false},"excerpt":{"rendered":"<p>El equipo de secado a\u00e9reo que hemos desarrollado se conoce como el \"portero de la naturaleza\".<\/p>","protected":false},"featured_media":3856,"comment_status":"open","ping_status":"closed","template":"","meta":{"_acf_changed":false,"jetpack_publicize_message":"","jetpack_publicize_feature_enabled":true,"jetpack_social_post_already_shared":false,"jetpack_social_options":{"image_generator_settings":{"template":"highway","default_image_id":0,"font":"","enabled":false},"version":2}},"product_brand":[],"product_cat":[162,22],"product_tag":[],"class_list":{"0":"post-3663","1":"product","2":"type-product","3":"status-publish","4":"has-post-thumbnail","6":"product_cat-air-dryer","7":"product_cat-rear-mounted-air-dryer","9":"first","10":"instock","11":"shipping-taxable","12":"product-type-simple"},"acf":[],"jetpack_publicize_connections":[],"_links":{"self":[{"href":"https:\/\/www.oc-epc.com\/es\/wp-json\/wp\/v2\/product\/3663","targetHints":{"allow":["GET"]}}],"collection":[{"href":"https:\/\/www.oc-epc.com\/es\/wp-json\/wp\/v2\/product"}],"about":[{"href":"https:\/\/www.oc-epc.com\/es\/wp-json\/wp\/v2\/types\/product"}],"replies":[{"embeddable":true,"href":"https:\/\/www.oc-epc.com\/es\/wp-json\/wp\/v2\/comments?post=3663"}],"wp:featuredmedia":[{"embeddable":true,"href":"https:\/\/www.oc-epc.com\/es\/wp-json\/wp\/v2\/media\/3856"}],"wp:attachment":[{"href":"https:\/\/www.oc-epc.com\/es\/wp-json\/wp\/v2\/media?parent=3663"}],"wp:term":[{"taxonomy":"product_brand","embeddable":true,"href":"https:\/\/www.oc-epc.com\/es\/wp-json\/wp\/v2\/product_brand?post=3663"},{"taxonomy":"product_cat","embeddable":true,"href":"https:\/\/www.oc-epc.com\/es\/wp-json\/wp\/v2\/product_cat?post=3663"},{"taxonomy":"product_tag","embeddable":true,"href":"https:\/\/www.oc-epc.com\/es\/wp-json\/wp\/v2\/product_tag?post=3663"}],"curies":[{"name":"WP","href":"https:\/\/api.w.org\/{rel}","templated":true}]}}