{"id":3933,"date":"2024-11-26T13:50:36","date_gmt":"2024-11-26T05:50:36","guid":{"rendered":"https:\/\/www.oc-epc.com\/?post_type=product&#038;p=3933"},"modified":"2024-11-26T14:18:08","modified_gmt":"2024-11-26T06:18:08","slug":"silo-de-maduracion","status":"publish","type":"product","link":"https:\/\/www.oc-epc.com\/es\/product\/maturation-silo\/","title":{"rendered":"Silo de maduraci\u00f3n"},"content":{"rendered":"<p>&nbsp;<\/p>\n<table style=\"height: 360px; width: 100%; border-collapse: collapse; border-color: #000000; background-color: #e6fffd; border-style: dotted;\">\n<tbody>\n<tr style=\"border-style: solid;\">\n<td style=\"width: 11.4207%; height: 360px; text-align: center; border-style: solid; border-color: #000000;\" rowspan=\"3\">Sistema de transporte y maduraci\u00f3n<\/td>\n<td style=\"width: 11.8635%; height: 120px; text-align: center; border-color: #000000; border-style: solid;\">requisitos de seguridad<\/td>\n<td style=\"width: 42.0664%; border-collapse: collapse; border-style: solid; border-color: #000000; background-color: #e6fffd; height: 120px;\">La transmisi\u00f3n anti est\u00e1tica fue implementada por primera vez por nuestra compa\u00f1\u00eda en China, utilizando tuber\u00edas de acero inoxidable para transportar autom\u00e1ticamente las perlas a la papelera de maduraci\u00f3n.<\/td>\n<td style=\"width: 96.8081%; height: 360px; border-style: solid; border-color: #000000;\" rowspan=\"3\"><img decoding=\"async\" class=\"alignnone size-medium wp-image-3935\" src=\"http:\/\/www.oc-epc.com\/wp-content\/uploads\/2024\/11\/\u56fe\u7247-2-165x300.png\" alt=\"\" width=\"165\" height=\"300\" srcset=\"\" sizes=\"(max-width: 165px) 100vw, 165px\" data-srcset=\"\" \/>\u00a0 \u00a0 \u00a0 \u00a0 \u00a0 \u00a0 <img fetchpriority=\"high\" decoding=\"async\" class=\"alignnone size-medium wp-image-3934\" src=\"http:\/\/www.oc-epc.com\/wp-content\/uploads\/2024\/11\/\u56fe\u7247-1-248x300.png\" alt=\"\" width=\"248\" height=\"300\" srcset=\"\" sizes=\"(max-width: 248px) 100vw, 248px\" data-srcset=\"\" \/><\/td>\n<\/tr>\n<tr style=\"border-style: solid;\">\n<td style=\"width: 11.8635%; height: 168px; text-align: center; border-color: #000000; border-style: solid;\">requisitos de control<\/td>\n<td style=\"border-style: solid; width: 42.0664%; height: 168px;\">El silo de maduraci\u00f3n est\u00e1 equipado con un sensor de detecci\u00f3n de nivel de material, que detecta autom\u00e1ticamente niveles de material altos y bajos;<\/td>\n<\/tr>\n<tr style=\"border-style: solid;\">\n<td style=\"width: 11.8635%; height: 72px; text-align: center; border-color: #000000; border-style: solid;\">requisitos de control<\/td>\n<td style=\"width: 42.0664%; height: 72px; border-color: #000000; border-style: solid;\">Adoptando un sistema de control de doble pantalla, puede mostrar varios datos y lograr un control preciso, que se ha aplicado maduro en m\u00faltiples proyectos en China<\/td>\n<\/tr>\n<\/tbody>\n<\/table>\n<ul>\n<li>El tiempo de maduraci\u00f3n de las perlas debe estar bien controlado, generalmente de 8 a 12 horas (dependiendo de la temperatura ambiente).<\/li>\n<\/ul>\n<ul>\n<li>Cuando est\u00e1 madurando, es importante tener en cuenta que la temperatura de maduraci\u00f3n no debe exceder los 30 \u2103 y el tiempo no debe ser demasiado largo (especialmente en verano, no superior a 3 d\u00edas), de lo contrario el agente de espuma en las cuentas se perder\u00e1 demasiado, lo que lleva a una fusi\u00f3n deficiente durante el moldeo.<\/li>\n<\/ul>\n<ul>\n<li>El tiempo de maduraci\u00f3n est\u00e1 relacionado con la temperatura y humedad ambiental.<\/li>\n<\/ul>\n<ul>\n<li>Cuando la temperatura ambiental es alta y la humedad es baja, el tiempo de maduraci\u00f3n es corto;<\/li>\n<\/ul>\n<ul>\n<li>Despu\u00e9s de que las cuentas de espuma se espuma de la m\u00e1quina de espuma, deben transportarse a varios contenedores de maduraci\u00f3n para la maduraci\u00f3n.<\/li>\n<\/ul>\n<ul>\n<li>En el pasado, las tuber\u00edas de PVC casi se usaban para el transporte de perlas, pero durante el transporte de perlas, se generar\u00eda una gran cantidad de electricidad est\u00e1tica debido a la fricci\u00f3n entre cuentas y tuber\u00edas de PVC.<\/li>\n<\/ul>\n<ul>\n<li>La electricidad est\u00e1tica es el principal culpable del fuego en la f\u00e1brica de espuma.<\/li>\n<\/ul>\n<ul>\n<li>En aplicaciones pr\u00e1cticas, muchos fabricantes usan tuber\u00edas de acoplamiento temporales manuales para transportar cuentas, lo que resulta en part\u00edculas de espuma en todas partes, lo que no conduce a la salud ambiental al tiempo que causa desechos, y hay ciertos peligros ocultos.<\/li>\n<\/ul>\n<ul>\n<li>El sistema inteligente de transmisi\u00f3n y maduraci\u00f3n transporta autom\u00e1ticamente las cuentas previas al contenedor de maduraci\u00f3n, y detecta y administra autom\u00e1ticamente el contenedor de maduraci\u00f3n a trav\u00e9s de una computadora, evitando la arbitrariedad de la gesti\u00f3n manual.<\/li>\n<\/ul>\n<ul>\n<li>Las cuentas deben cumplir con los requisitos de maduraci\u00f3n antes de que puedan usarse, haciendo que todo el sitio de maduraci\u00f3n de espuma sea limpio y ordenado.<\/li>\n<\/ul>\n<p>&nbsp;<\/p>","protected":false},"excerpt":{"rendered":"<p>Debido a la presi\u00f3n negativa dentro de las cuentas reci\u00e9n preparadas, a\u00fan no se pueden usar y deben madurarse durante un per\u00edodo de tiempo para permitir que el aire ingrese gradualmente al interior de las cuentas, de modo que la presi\u00f3n dentro y fuera de las cuentas se pueda equilibrar.<\/p>","protected":false},"featured_media":3944,"comment_status":"open","ping_status":"closed","template":"","meta":{"_acf_changed":false,"jetpack_publicize_message":"","jetpack_publicize_feature_enabled":true,"jetpack_social_post_already_shared":false,"jetpack_social_options":{"image_generator_settings":{"template":"highway","default_image_id":0,"font":"","enabled":false},"version":2}},"product_brand":[],"product_cat":[193],"product_tag":[],"class_list":{"0":"post-3933","1":"product","2":"type-product","3":"status-publish","4":"has-post-thumbnail","6":"product_cat-maturation-silo","8":"first","9":"instock","10":"shipping-taxable","11":"product-type-simple"},"acf":[],"jetpack_publicize_connections":[],"_links":{"self":[{"href":"https:\/\/www.oc-epc.com\/es\/wp-json\/wp\/v2\/product\/3933","targetHints":{"allow":["GET"]}}],"collection":[{"href":"https:\/\/www.oc-epc.com\/es\/wp-json\/wp\/v2\/product"}],"about":[{"href":"https:\/\/www.oc-epc.com\/es\/wp-json\/wp\/v2\/types\/product"}],"replies":[{"embeddable":true,"href":"https:\/\/www.oc-epc.com\/es\/wp-json\/wp\/v2\/comments?post=3933"}],"wp:featuredmedia":[{"embeddable":true,"href":"https:\/\/www.oc-epc.com\/es\/wp-json\/wp\/v2\/media\/3944"}],"wp:attachment":[{"href":"https:\/\/www.oc-epc.com\/es\/wp-json\/wp\/v2\/media?parent=3933"}],"wp:term":[{"taxonomy":"product_brand","embeddable":true,"href":"https:\/\/www.oc-epc.com\/es\/wp-json\/wp\/v2\/product_brand?post=3933"},{"taxonomy":"product_cat","embeddable":true,"href":"https:\/\/www.oc-epc.com\/es\/wp-json\/wp\/v2\/product_cat?post=3933"},{"taxonomy":"product_tag","embeddable":true,"href":"https:\/\/www.oc-epc.com\/es\/wp-json\/wp\/v2\/product_tag?post=3933"}],"curies":[{"name":"WP","href":"https:\/\/api.w.org\/{rel}","templated":true}]}}