{"id":3955,"date":"2024-12-02T14:01:31","date_gmt":"2024-12-02T06:01:31","guid":{"rendered":"https:\/\/www.oc-epc.com\/?post_type=product&#038;p=3955"},"modified":"2024-12-02T14:12:13","modified_gmt":"2024-12-02T06:12:13","slug":"mezcladora-de-pintura-elevadora","status":"publish","type":"product","link":"https:\/\/www.oc-epc.com\/es\/product\/lift-type-paint-mixer\/","title":{"rendered":"Mezclador de pintura tipo elevador"},"content":{"rendered":"<ul>\n<li>El dispersador de mezcla principal y el tanque de recubrimiento de inmersi\u00f3n de mezcla m\u00f3vil de mezcla est\u00e1n hechos de material de acero inoxidable 304, que es resistente a \u00e1cido y \u00e1lcali, resistente a la corrosi\u00f3n y f\u00e1cil de limpiar<\/li>\n<\/ul>\n<ul>\n<li>El motor de mezcla de alta velocidad adopta un motor de control de velocidad de frecuencia variable, y la velocidad del reductor dedicado de alto par es ajustable de 0 a 1100 revoluciones por minuto<\/li>\n<\/ul>\n<ul>\n<li>Bajo el corte de cuchillas giratorios de alta velocidad, el recubrimiento es delicado y no espuma, y \u200b\u200bsus propiedades de recubrimiento y nivelaci\u00f3n son muy superiores a los mezcladores de revestimiento tradicionales<\/li>\n<\/ul>\n<ul>\n<li>El di\u00e1metro del tanque de inmersi\u00f3n contra la sedimentaci\u00f3n es de 1,5 metros, adecuado para el recubrimiento de inmersi\u00f3n a gran escala.<\/li>\n<\/ul>\n<ul>\n<li>El huso de mezcla y la rueda dispersa est\u00e1n hechas de material de acero inoxidable<\/li>\n<\/ul>\n<ul>\n<li>La principal m\u00e1quina de mezcla y dispersi\u00f3n tiene una salida de descarga de tipo inferior, que agrega agua autom\u00e1ticamente.<\/li>\n<\/ul>\n<p><img fetchpriority=\"high\" decoding=\"async\" class=\"wp-image-3960 alignnone\" src=\"http:\/\/www.oc-epc.com\/wp-content\/uploads\/2024\/12\/IMG_20230827_084414-300x202.jpg\" alt=\"\" width=\"392\" height=\"264\" srcset=\"\" sizes=\"(max-width: 392px) 100vw, 392px\" data-srcset=\"\" \/>\u00a0 \u00a0 \u00a0 \u00a0 \u00a0<img decoding=\"async\" class=\"wp-image-3958 alignnone\" src=\"http:\/\/www.oc-epc.com\/wp-content\/uploads\/2024\/12\/\u56fe\u7247-2-300x220.png\" alt=\"\" width=\"368\" height=\"270\" srcset=\"\" sizes=\"(max-width: 368px) 100vw, 368px\" data-srcset=\"\" \/>\u00a0 \u00a0 \u00a0 \u00a0 \u00a0 \u00a0 <img decoding=\"async\" class=\"wp-image-3956 alignnone\" src=\"http:\/\/www.oc-epc.com\/wp-content\/uploads\/2024\/12\/IMG_20230827_084226-300x201.jpg\" alt=\"\" width=\"400\" height=\"268\" srcset=\"\" sizes=\"(max-width: 400px) 100vw, 400px\" data-srcset=\"\" \/><\/p>","protected":false},"excerpt":{"rendered":"<p>El mezclador de pintura consiste en un dispersor de mezcla principal y un tanque de recubrimiento de inmersi\u00f3n anti sedimentaci\u00f3n m\u00f3vil que mezcla<\/p>","protected":false},"featured_media":3963,"comment_status":"open","ping_status":"closed","template":"","meta":{"_acf_changed":false,"jetpack_publicize_message":"","jetpack_publicize_feature_enabled":true,"jetpack_social_post_already_shared":false,"jetpack_social_options":{"image_generator_settings":{"template":"highway","default_image_id":0,"font":"","enabled":false},"version":2}},"product_brand":[],"product_cat":[194],"product_tag":[],"class_list":{"0":"post-3955","1":"product","2":"type-product","3":"status-publish","4":"has-post-thumbnail","6":"product_cat-lift-type-paint-mixer","8":"first","9":"instock","10":"shipping-taxable","11":"product-type-simple"},"acf":[],"jetpack_publicize_connections":[],"_links":{"self":[{"href":"https:\/\/www.oc-epc.com\/es\/wp-json\/wp\/v2\/product\/3955","targetHints":{"allow":["GET"]}}],"collection":[{"href":"https:\/\/www.oc-epc.com\/es\/wp-json\/wp\/v2\/product"}],"about":[{"href":"https:\/\/www.oc-epc.com\/es\/wp-json\/wp\/v2\/types\/product"}],"replies":[{"embeddable":true,"href":"https:\/\/www.oc-epc.com\/es\/wp-json\/wp\/v2\/comments?post=3955"}],"wp:featuredmedia":[{"embeddable":true,"href":"https:\/\/www.oc-epc.com\/es\/wp-json\/wp\/v2\/media\/3963"}],"wp:attachment":[{"href":"https:\/\/www.oc-epc.com\/es\/wp-json\/wp\/v2\/media?parent=3955"}],"wp:term":[{"taxonomy":"product_brand","embeddable":true,"href":"https:\/\/www.oc-epc.com\/es\/wp-json\/wp\/v2\/product_brand?post=3955"},{"taxonomy":"product_cat","embeddable":true,"href":"https:\/\/www.oc-epc.com\/es\/wp-json\/wp\/v2\/product_cat?post=3955"},{"taxonomy":"product_tag","embeddable":true,"href":"https:\/\/www.oc-epc.com\/es\/wp-json\/wp\/v2\/product_tag?post=3955"}],"curies":[{"name":"WP","href":"https:\/\/api.w.org\/{rel}","templated":true}]}}