{"id":3966,"date":"2024-12-02T14:25:33","date_gmt":"2024-12-02T06:25:33","guid":{"rendered":"https:\/\/www.oc-epc.com\/?post_type=product&#038;p=3966"},"modified":"2024-12-02T14:25:34","modified_gmt":"2024-12-02T06:25:34","slug":"sistema-de-aspiracion-centralizada","status":"publish","type":"product","link":"https:\/\/www.oc-epc.com\/es\/product\/central-vacuum-system\/","title":{"rendered":"Sistema de aspiraci\u00f3n central"},"content":{"rendered":"<ul>\n<li>La unidad de vac\u00edo central adopta el control autom\u00e1tico del PLC, y el condensador de la torre funciona en un ciclo cerrado<\/li>\n<\/ul>\n<ul>\n<li>La bomba de presi\u00f3n negativa adopta m\u00faltiples conjuntos de control de frecuencia variable y tiene una funci\u00f3n de parada de inicio adaptativa<\/li>\n<\/ul>\n<ul>\n<li>La presi\u00f3n negativa del sistema se mantiene a -0.5MPA a -0.8MPA, y el volumen de bombeo de una sola bomba es \u2265 250m3 {{url_placeholder_0}}<\/li>\n<\/ul>\n<ul>\n<li>El sistema de enfriamiento de vac\u00edo incluye un tanque de vac\u00edo y un tanque de drenaje, con vol\u00famenes de 8 m \u00b3 y 0.5m \u00b3 respectivamente;<\/li>\n<\/ul>\n<ul>\n<li>El drenaje del sistema de vac\u00edo se controla autom\u00e1ticamente por PLC, con una presi\u00f3n negativa de -4 ~ -6mPa durante la operaci\u00f3n;<\/li>\n<\/ul>\n<ul>\n<li>El sistema de vac\u00edo adopta un sistema de recuperaci\u00f3n de calor de energ\u00eda de aire de circuito cerrado, que recupera y utiliza el calor dentro del molde de la m\u00e1quina de moldeo y lo env\u00eda a la sala de secado;<\/li>\n<\/ul>\n<p>&nbsp;<\/p>","protected":false},"excerpt":{"rendered":"<p>Una estructura de condensador dise\u00f1ada profesionalmente para mejorar la eficiencia de la condensaci\u00f3n.<\/p>","protected":false},"featured_media":3970,"comment_status":"open","ping_status":"closed","template":"","meta":{"_acf_changed":false,"jetpack_publicize_message":"","jetpack_publicize_feature_enabled":true,"jetpack_social_post_already_shared":false,"jetpack_social_options":{"image_generator_settings":{"template":"highway","default_image_id":0,"font":"","enabled":false},"version":2}},"product_brand":[],"product_cat":[195],"product_tag":[],"class_list":{"0":"post-3966","1":"product","2":"type-product","3":"status-publish","4":"has-post-thumbnail","6":"product_cat-central-vacuum-system","8":"first","9":"instock","10":"shipping-taxable","11":"product-type-simple"},"acf":[],"jetpack_publicize_connections":[],"_links":{"self":[{"href":"https:\/\/www.oc-epc.com\/es\/wp-json\/wp\/v2\/product\/3966","targetHints":{"allow":["GET"]}}],"collection":[{"href":"https:\/\/www.oc-epc.com\/es\/wp-json\/wp\/v2\/product"}],"about":[{"href":"https:\/\/www.oc-epc.com\/es\/wp-json\/wp\/v2\/types\/product"}],"replies":[{"embeddable":true,"href":"https:\/\/www.oc-epc.com\/es\/wp-json\/wp\/v2\/comments?post=3966"}],"wp:featuredmedia":[{"embeddable":true,"href":"https:\/\/www.oc-epc.com\/es\/wp-json\/wp\/v2\/media\/3970"}],"wp:attachment":[{"href":"https:\/\/www.oc-epc.com\/es\/wp-json\/wp\/v2\/media?parent=3966"}],"wp:term":[{"taxonomy":"product_brand","embeddable":true,"href":"https:\/\/www.oc-epc.com\/es\/wp-json\/wp\/v2\/product_brand?post=3966"},{"taxonomy":"product_cat","embeddable":true,"href":"https:\/\/www.oc-epc.com\/es\/wp-json\/wp\/v2\/product_cat?post=3966"},{"taxonomy":"product_tag","embeddable":true,"href":"https:\/\/www.oc-epc.com\/es\/wp-json\/wp\/v2\/product_tag?post=3966"}],"curies":[{"name":"WP","href":"https:\/\/api.w.org\/{rel}","templated":true}]}}