{"id":4004,"date":"2024-12-11T14:36:17","date_gmt":"2024-12-11T06:36:17","guid":{"rendered":"https:\/\/www.oc-epc.com\/?post_type=product&#038;p=4004"},"modified":"2025-01-03T10:14:18","modified_gmt":"2025-01-03T02:14:18","slug":"maquina-de-formacion-horizontal","status":"publish","type":"product","link":"https:\/\/www.oc-epc.com\/es\/product\/horizontal-forming-machine\/","title":{"rendered":"M\u00e1quina de formaci\u00f3n horizontal"},"content":{"rendered":"<p>\u25a0<strong><b>Moho<\/b><\/strong><strong><b>\u00a0<\/b><\/strong><strong><b>cierre<\/b><\/strong><strong><b>\u00a0<\/b><\/strong><strong><b>mecanismo<\/b><\/strong><\/p>\n<table style=\"border-collapse: collapse; width: 100%;\">\n<tbody>\n<tr>\n<td style=\"width: 22.4723%;\"><img fetchpriority=\"high\" decoding=\"async\" class=\"alignnone size-medium wp-image-4006\" src=\"http:\/\/www.oc-epc.com\/wp-content\/uploads\/2024\/12\/1-300x210.png\" alt=\"\" width=\"300\" height=\"210\" srcset=\"\" sizes=\"(max-width: 300px) 100vw, 300px\" data-srcset=\"\" \/><\/td>\n<td style=\"width: 77.5277%;\">La m\u00e1quina de moldeo adopta el \u00faltimo sistema hidr\u00e1ulico y estructura mec\u00e1nica, lo que permite que la presi\u00f3n de bloqueo exceda la de equipos EPS similares.<\/td>\n<\/tr>\n<\/tbody>\n<\/table>\n<p><strong><b>\u25a0<\/b><\/strong><strong><b>Moho<\/b><\/strong><strong><b>\u00a0<\/b><\/strong><strong><b>reemplazo<\/b><\/strong><strong><b>\u00a0<\/b><\/strong><strong><b>sistema<\/b><\/strong><\/p>\n<p><strong>Reemplazo de moho r\u00e1pido<\/strong><\/p>\n<p>Mediante el uso de mecanismos como rieles de gu\u00eda, protuberancias de material y bastidores de cambio r\u00e1pido, el molde se ensambla en el \u00e1rea de ensamblaje y se coloca en los rieles de gu\u00eda junto con la rejilla de cambio r\u00e1pido para moverse a la posici\u00f3n de la m\u00e1quina y cambiar a la posici\u00f3n del riel de gu\u00eda de la m\u00e1quina.<\/p>\n<p><strong>Reemplazo de moho de un solo toque<\/strong><\/p>\n<p>El sistema de reemplazo de moho de un solo toque es una actualizaci\u00f3n optimizada basada en el sistema de cambio de moho r\u00e1pido, logre un tiempo de cambio de moho m\u00e1s r\u00e1pido de aproximadamente 5 minutos, lo que reduce mejor los costos de mano de obra.<\/p>\n<p>\u25a0<strong><b>Moldura<\/b><\/strong><strong><b>\u00a0<\/b><\/strong><strong><b>sistema<\/b><\/strong><\/p>\n<table style=\"border-collapse: collapse; width: 100%;\">\n<tbody>\n<tr>\n<td style=\"width: 22.5461%;\"><img decoding=\"async\" class=\"alignnone size-medium wp-image-4008\" src=\"http:\/\/www.oc-epc.com\/wp-content\/uploads\/2024\/12\/3-300x210.png\" alt=\"\" width=\"300\" height=\"210\" srcset=\"\" sizes=\"(max-width: 300px) 100vw, 300px\" data-srcset=\"\" \/><\/td>\n<td style=\"width: 77.4539%;\">(1) La aplicaci\u00f3n de las v\u00e1lvulas proporcionales de la electricidad digital: las v\u00e1lvulas proporcionales digitales el\u00e9ctricas importadas combinadas con sensores de posici\u00f3n lineal se utilizan para controlar de manera eficiente y precisa la apertura proporcional de la v\u00e1lvula de asiento de \u00e1ngulo.<\/p>\n<p>(2) El dise\u00f1o de la \u00faltima tuber\u00eda de derivaci\u00f3n del sistema de calefacci\u00f3n para la m\u00e1quina de moldeo puede reducir efectivamente el tiempo de moldeo y el consumo de energ\u00eda de vapor.<\/td>\n<\/tr>\n<\/tbody>\n<\/table>\n<p>\u25a0<strong><b>Control<\/b><\/strong><strong><b>\u00a0<\/b><\/strong><strong><b>sistema<\/b><\/strong><\/p>\n<table style=\"border-collapse: collapse; width: 100%;\">\n<tbody>\n<tr>\n<td style=\"width: 22.3985%;\"><img decoding=\"async\" class=\"alignnone size-medium wp-image-4007\" src=\"http:\/\/www.oc-epc.com\/wp-content\/uploads\/2024\/12\/2-300x210.png\" alt=\"\" width=\"300\" height=\"210\" srcset=\"\" sizes=\"(max-width: 300px) 100vw, 300px\" data-srcset=\"\" \/><\/td>\n<td style=\"width: 77.6015%;\">(1) adoptar el sistema de control inteligente de Siemens y la interfaz operativa de Windows f\u00e1cil de usar, lo que hace que la operaci\u00f3n sea m\u00e1s conveniente e inteligente;<\/p>\n<p>(2) El m\u00e9todo de control adopta v\u00e1lvulas proporcionales el\u00e9ctricas importadas, sensores de posici\u00f3n lineal y sensores de presi\u00f3n, que cooperan de manera eficiente y perfecta con el sistema de control para fabricar alimentaci\u00f3n, calefacci\u00f3n, soplado, enfriamiento de agua, etc. m\u00e1s preciso, estable, confiable y eficiente;<\/p>\n<p>(3) La \u00faltima tecnolog\u00eda de moldeo de producci\u00f3n lo hace conveniente y eficiente para controlar los equipos, mejorando efectivamente la eficiencia de producci\u00f3n.<\/td>\n<\/tr>\n<\/tbody>\n<\/table>\n<p>&nbsp;<\/p>","protected":false},"excerpt":{"rendered":"<table style=\"border-collapse: collapse; width: 48.5041%;\">\n<tbody>\n<tr>\n<td style=\"width: 19.5466%; text-align: center;\">Modelo<\/td>\n<td style=\"width: 6.83605%; text-align: center;\">OC-CX-W1214<\/td>\n<td style=\"width: 11.1734%; text-align: center;\">OC-CX-W1417<\/td>\n<td style=\"width: 10.9491%; text-align: center;\">OC-CX-W1618<\/td>\n<\/tr>\n<tr>\n<td style=\"width: 19.5466%; text-align: center;\">Dimensiones de contorno {{url_placeholder_0}}<\/td>\n<td style=\"width: 6.83605%; text-align: center;\">5363*3310*4852<\/td>\n<td style=\"width: 11.1734%; text-align: center;\">5363*3610*5152<\/td>\n<td style=\"width: 10.9491%; text-align: center;\">5363*3710*5352<\/td>\n<\/tr>\n<tr>\n<td style=\"width: 19.5466%; text-align: center;\">Tama\u00f1o de la cara del molde {{url_placeholder_0}}<\/td>\n<td style=\"width: 6.83605%; text-align: center;\">1200*1400<\/td>\n<td style=\"width: 11.1734%; text-align: center;\">1400*1700<\/td>\n<td style=\"width: 10.9491%; text-align: center;\">1600*1800<\/td>\n<\/tr>\n<tr>\n<td style=\"width: 19.5466%; text-align: center;\">Altura del producto {{url_placeholder_0}}<\/td>\n<td style=\"width: 6.83605%; text-align: center;\">350<\/td>\n<td style=\"width: 11.1734%; text-align: center;\">350<\/td>\n<td style=\"width: 10.9491%; text-align: center;\">350<\/td>\n<\/tr>\n<tr>\n<td style=\"width: 19.5466%; text-align: center;\">Distancia de apertura y cierre del molde {{url_placeholder_0}}<\/td>\n<td style=\"width: 6.83605%; text-align: center;\">1200<\/td>\n<td style=\"width: 11.1734%; text-align: center;\">1200<\/td>\n<td style=\"width: 10.9491%; text-align: center;\">1200<\/td>\n<\/tr>\n<\/tbody>\n<\/table>","protected":false},"featured_media":4014,"comment_status":"open","ping_status":"closed","template":"","meta":{"_acf_changed":false,"jetpack_publicize_message":"","jetpack_publicize_feature_enabled":true,"jetpack_social_post_already_shared":false,"jetpack_social_options":{"image_generator_settings":{"template":"highway","default_image_id":0,"font":"","enabled":false},"version":2}},"product_brand":[],"product_cat":[170],"product_tag":[],"class_list":{"0":"post-4004","1":"product","2":"type-product","3":"status-publish","4":"has-post-thumbnail","6":"product_cat-horizontal-forming-machine","8":"first","9":"instock","10":"shipping-taxable","11":"product-type-simple"},"acf":[],"jetpack_publicize_connections":[],"_links":{"self":[{"href":"https:\/\/www.oc-epc.com\/es\/wp-json\/wp\/v2\/product\/4004","targetHints":{"allow":["GET"]}}],"collection":[{"href":"https:\/\/www.oc-epc.com\/es\/wp-json\/wp\/v2\/product"}],"about":[{"href":"https:\/\/www.oc-epc.com\/es\/wp-json\/wp\/v2\/types\/product"}],"replies":[{"embeddable":true,"href":"https:\/\/www.oc-epc.com\/es\/wp-json\/wp\/v2\/comments?post=4004"}],"wp:featuredmedia":[{"embeddable":true,"href":"https:\/\/www.oc-epc.com\/es\/wp-json\/wp\/v2\/media\/4014"}],"wp:attachment":[{"href":"https:\/\/www.oc-epc.com\/es\/wp-json\/wp\/v2\/media?parent=4004"}],"wp:term":[{"taxonomy":"product_brand","embeddable":true,"href":"https:\/\/www.oc-epc.com\/es\/wp-json\/wp\/v2\/product_brand?post=4004"},{"taxonomy":"product_cat","embeddable":true,"href":"https:\/\/www.oc-epc.com\/es\/wp-json\/wp\/v2\/product_cat?post=4004"},{"taxonomy":"product_tag","embeddable":true,"href":"https:\/\/www.oc-epc.com\/es\/wp-json\/wp\/v2\/product_tag?post=4004"}],"curies":[{"name":"WP","href":"https:\/\/api.w.org\/{rel}","templated":true}]}}