{"id":4016,"date":"2024-12-13T14:00:53","date_gmt":"2024-12-13T06:00:53","guid":{"rendered":"https:\/\/www.oc-epc.com\/?post_type=product&#038;p=4016"},"modified":"2025-01-03T10:08:23","modified_gmt":"2025-01-03T02:08:23","slug":"maquina-de-laminas-de-espuma","status":"publish","type":"product","link":"https:\/\/www.oc-epc.com\/es\/product\/foam-sheet-machine\/","title":{"rendered":"Hoja de espuma"},"content":{"rendered":"<p><span style=\"color: #ff0000;\"><strong><span style=\"font-size: 18pt;\">\u2666 <\/span>Sistema de control<\/strong><\/span><\/p>\n<p>Adoptar controlador programable PLC y control de pantalla t\u00e1ctil, sistema operativo totalmente automatizado, baja tasa de falla, f\u00e1cil mantenimiento.<\/p>\n<p>Se puede seleccionar un sistema de control de expertos opcional para lograr un ajuste de servo proporcional adaptativo del volumen de vapor y la temperatura de calentamiento, y se establece una interfaz de comunicaci\u00f3n para controlar de forma remota la operaci\u00f3n del equipo y la calidad del producto.<\/p>\n<p>&nbsp;<\/p>\n<p><span style=\"color: #ff0000;\"><strong><span style=\"font-size: 18pt;\">\u2666 <\/span>Caracter\u00edsticas del proceso<\/strong><\/span><\/p>\n<p>Adoptando la secuencia de presi\u00f3n negativa y pulso de aire fr\u00edo de alto flujo para enfriar, la eficiencia se duplica.<\/p>\n<p>Alimentaci\u00f3n neum\u00e1tica completamente autom\u00e1tica, alimentaci\u00f3n asistida al vac\u00edo, asegurando la consistencia en la densidad de la junta.<\/p>\n<p>Moldeo \u00fanico, cinta transportadora opcional para producci\u00f3n c\u00edclica no tripulada y autom\u00e1tica.<\/p>\n<p>El dise\u00f1o exclusivo del m\u00e9todo de calentamiento de penetraci\u00f3n de penetraci\u00f3n de vapor anti 7 en forma de 7 en forma y todo el mundo resuelve el problema de la temperatura de calentamiento uniforme para materiales de plantilla de desaparici\u00f3n de gran tama\u00f1o, y mejora la uniformidad de adhesi\u00f3n y curado del producto.<\/p>\n<p>&nbsp;<\/p>\n<p><span style=\"color: #ff0000;\"><strong><span style=\"font-size: 18pt;\">\u2666 <\/span>Eficiencia de producci\u00f3n<\/strong><\/span><\/p>\n<p>Se puede usar CO Polymer y EPS.<\/p>\n<p>Velocidad de alimentaci\u00f3n r\u00e1pida y velocidad de enfriamiento.<\/p>\n<p>Alta eficiencia de producci\u00f3n, el ciclo de producci\u00f3n de cada placa de espuma es de 8-10 minutos.<\/p>\n<p>La placa de espuma producida tiene bajo contenido de agua, alta calidad y sin deformaci\u00f3n.<\/p>\n<p>Bajo consumo de energ\u00eda y bajo costo en el proceso de producci\u00f3n.<\/p>\n<p>&nbsp;<\/p>\n<p><span style=\"color: #ff0000;\"><strong><span style=\"font-size: 18pt;\">\u2666 <\/span>Dise\u00f1o estructural<\/strong><\/span><\/p>\n<p>El cuerpo est\u00e1 hecho de acero cuadrado engrosado y placa de acero de alta resistencia soldada, con alta resistencia, no f\u00e1cil de deformarse y resistente y duradera.<\/p>\n<p>Control centralizado de la estaci\u00f3n hidr\u00e1ulica, abertura de puerta individual hidr\u00e1ulica, desmoldeamiento de eyecci\u00f3n hidr\u00e1ulica y mecanismo de bloqueo autom\u00e1tico, sin ning\u00fan riesgo de seguridad.<\/p>\n<p>Los instrumentos de control, los componentes el\u00e9ctricos y neum\u00e1ticos, varias v\u00e1lvulas y otras piezas de soporte utilizadas son productos de marca de alta calidad en el hogar y en el extranjero, y el rendimiento de la maquinaria y el equipo es estable y confiable.<\/p>","protected":false},"excerpt":{"rendered":"<p>La m\u00e1quina ajusta el tama\u00f1o de la placa de longitud y ancho de acuerdo con los requisitos del cliente.<\/p>","protected":false},"featured_media":4017,"comment_status":"open","ping_status":"closed","template":"","meta":{"_acf_changed":false,"jetpack_publicize_message":"","jetpack_publicize_feature_enabled":true,"jetpack_social_post_already_shared":false,"jetpack_social_options":{"image_generator_settings":{"template":"highway","default_image_id":0,"font":"","enabled":false},"version":2}},"product_brand":[],"product_cat":[196],"product_tag":[],"class_list":{"0":"post-4016","1":"product","2":"type-product","3":"status-publish","4":"has-post-thumbnail","6":"product_cat-foam-sheet-machine","8":"first","9":"instock","10":"shipping-taxable","11":"product-type-simple"},"acf":[],"jetpack_publicize_connections":[],"_links":{"self":[{"href":"https:\/\/www.oc-epc.com\/es\/wp-json\/wp\/v2\/product\/4016","targetHints":{"allow":["GET"]}}],"collection":[{"href":"https:\/\/www.oc-epc.com\/es\/wp-json\/wp\/v2\/product"}],"about":[{"href":"https:\/\/www.oc-epc.com\/es\/wp-json\/wp\/v2\/types\/product"}],"replies":[{"embeddable":true,"href":"https:\/\/www.oc-epc.com\/es\/wp-json\/wp\/v2\/comments?post=4016"}],"wp:featuredmedia":[{"embeddable":true,"href":"https:\/\/www.oc-epc.com\/es\/wp-json\/wp\/v2\/media\/4017"}],"wp:attachment":[{"href":"https:\/\/www.oc-epc.com\/es\/wp-json\/wp\/v2\/media?parent=4016"}],"wp:term":[{"taxonomy":"product_brand","embeddable":true,"href":"https:\/\/www.oc-epc.com\/es\/wp-json\/wp\/v2\/product_brand?post=4016"},{"taxonomy":"product_cat","embeddable":true,"href":"https:\/\/www.oc-epc.com\/es\/wp-json\/wp\/v2\/product_cat?post=4016"},{"taxonomy":"product_tag","embeddable":true,"href":"https:\/\/www.oc-epc.com\/es\/wp-json\/wp\/v2\/product_tag?post=4016"}],"curies":[{"name":"WP","href":"https:\/\/api.w.org\/{rel}","templated":true}]}}