{"id":3966,"date":"2024-12-02T14:25:33","date_gmt":"2024-12-02T06:25:33","guid":{"rendered":"https:\/\/www.oc-epc.com\/?post_type=product&#038;p=3966"},"modified":"2024-12-02T14:25:34","modified_gmt":"2024-12-02T06:25:34","slug":"sistema-de-aspiracao-central","status":"publish","type":"product","link":"https:\/\/www.oc-epc.com\/pt\/product\/central-vacuum-system\/","title":{"rendered":"Sistema de v\u00e1cuo central"},"content":{"rendered":"<ul>\n<li>A unidade de v\u00e1cuo central adota o controle autom\u00e1tico do PLC e o condensador da torre opera em um ciclo fechado<\/li>\n<\/ul>\n<ul>\n<li>A bomba de press\u00e3o negativa adota v\u00e1rios conjuntos de controle de frequ\u00eancia vari\u00e1vel e possui fun\u00e7\u00e3o de parada de partida adaptativa<\/li>\n<\/ul>\n<ul>\n<li>A press\u00e3o negativa do sistema \u00e9 mantida em -0,5mpa a -0,8mpa, e o volume de bombeamento de uma \u00fanica bomba \u00e9 \u2265 250m3 {{url_placeholder_0}}<\/li>\n<\/ul>\n<ul>\n<li>O sistema de resfriamento a v\u00e1cuo inclui um tanque de v\u00e1cuo e um tanque de drenagem, com volumes de 8m \u00b3 e 0,5m \u00b3 respectivamente;<\/li>\n<\/ul>\n<ul>\n<li>A drenagem do sistema de v\u00e1cuo \u00e9 automaticamente controlada pelo PLC, com uma press\u00e3o negativa de -4 ~ -6mpa durante a opera\u00e7\u00e3o;<\/li>\n<\/ul>\n<ul>\n<li>O sistema de v\u00e1cuo adota um sistema de recupera\u00e7\u00e3o de calor de energia de ar de circuito fechado, que recupera e utiliza o calor dentro do molde da m\u00e1quina de moldagem e o envia para a sala de secagem;<\/li>\n<\/ul>\n<p>&nbsp;<\/p>","protected":false},"excerpt":{"rendered":"<p>Uma estrutura de condensador projetada profissionalmente para melhorar a efici\u00eancia da condensa\u00e7\u00e3o.<\/p>","protected":false},"featured_media":3970,"comment_status":"open","ping_status":"closed","template":"","meta":{"_acf_changed":false,"jetpack_publicize_message":"","jetpack_publicize_feature_enabled":true,"jetpack_social_post_already_shared":false,"jetpack_social_options":{"image_generator_settings":{"template":"highway","default_image_id":0,"font":"","enabled":false},"version":2}},"product_brand":[],"product_cat":[195],"product_tag":[],"class_list":{"0":"post-3966","1":"product","2":"type-product","3":"status-publish","4":"has-post-thumbnail","6":"product_cat-central-vacuum-system","8":"first","9":"instock","10":"shipping-taxable","11":"product-type-simple"},"acf":[],"jetpack_publicize_connections":[],"_links":{"self":[{"href":"https:\/\/www.oc-epc.com\/pt\/wp-json\/wp\/v2\/product\/3966","targetHints":{"allow":["GET"]}}],"collection":[{"href":"https:\/\/www.oc-epc.com\/pt\/wp-json\/wp\/v2\/product"}],"about":[{"href":"https:\/\/www.oc-epc.com\/pt\/wp-json\/wp\/v2\/types\/product"}],"replies":[{"embeddable":true,"href":"https:\/\/www.oc-epc.com\/pt\/wp-json\/wp\/v2\/comments?post=3966"}],"wp:featuredmedia":[{"embeddable":true,"href":"https:\/\/www.oc-epc.com\/pt\/wp-json\/wp\/v2\/media\/3970"}],"wp:attachment":[{"href":"https:\/\/www.oc-epc.com\/pt\/wp-json\/wp\/v2\/media?parent=3966"}],"wp:term":[{"taxonomy":"product_brand","embeddable":true,"href":"https:\/\/www.oc-epc.com\/pt\/wp-json\/wp\/v2\/product_brand?post=3966"},{"taxonomy":"product_cat","embeddable":true,"href":"https:\/\/www.oc-epc.com\/pt\/wp-json\/wp\/v2\/product_cat?post=3966"},{"taxonomy":"product_tag","embeddable":true,"href":"https:\/\/www.oc-epc.com\/pt\/wp-json\/wp\/v2\/product_tag?post=3966"}],"curies":[{"name":"wp","href":"https:\/\/api.w.org\/{rel}","templated":true}]}}