{"id":4016,"date":"2024-12-13T14:00:53","date_gmt":"2024-12-13T06:00:53","guid":{"rendered":"https:\/\/www.oc-epc.com\/?post_type=product&#038;p=4016"},"modified":"2025-01-03T10:08:23","modified_gmt":"2025-01-03T02:08:23","slug":"maquina-de-folha-de-espuma","status":"publish","type":"product","link":"https:\/\/www.oc-epc.com\/pt\/product\/foam-sheet-machine\/","title":{"rendered":"M\u00e1quina de folha de espuma"},"content":{"rendered":"<p><span style=\"color: #ff0000;\"><strong><span style=\"font-size: 18pt;\">\u2666 <\/span>Sistema de controle<\/strong><\/span><\/p>\n<p>Adotando controlador program\u00e1vel PLC e controle da tela de toque, sistema operacional totalmente automatizado, baixa taxa de falhas, f\u00e1cil manuten\u00e7\u00e3o.<\/p>\n<p>Um sistema opcional de controle de especialistas pode ser selecionado para obter ajuste de servo proporcional adapt\u00e1vel do volume de vapor e temperatura de aquecimento, e uma interface de comunica\u00e7\u00e3o \u00e9 configurada para controlar remotamente a opera\u00e7\u00e3o do equipamento e a qualidade do produto.<\/p>\n<p>&nbsp;<\/p>\n<p><span style=\"color: #ff0000;\"><strong><span style=\"font-size: 18pt;\">\u2666 <\/span>Caracter\u00edsticas do processo<\/strong><\/span><\/p>\n<p>Adotando a sequ\u00eancia de press\u00e3o negativa e pulso de ar de alto fluxo para resfriamento, a efici\u00eancia \u00e9 dobrada.<\/p>\n<p>Alimenta\u00e7\u00e3o pneum\u00e1tica totalmente autom\u00e1tica, alimenta\u00e7\u00e3o a v\u00e1cuo, garantindo consist\u00eancia na densidade do conselho.<\/p>\n<p>Moldagem \u00fanica, correia transportadora opcional para produ\u00e7\u00e3o c\u00edclica n\u00e3o tripulada e autom\u00e1tica.<\/p>\n<p>O projeto exclusivo do m\u00e9todo de aquecimento de drenagem a vapor de sequ\u00eancia de 7 em forma de 7 e polpa resolve o problema da temperatura de aquecimento uniforme para materiais de modelo de desaparecimento de tamanho grande e melhora a ades\u00e3o e a cura da uniformidade do produto.<\/p>\n<p>&nbsp;<\/p>\n<p><span style=\"color: #ff0000;\"><strong><span style=\"font-size: 18pt;\">\u2666 <\/span>Efici\u00eancia de produ\u00e7\u00e3o<\/strong><\/span><\/p>\n<p>CO Pol\u00edmero e EPS podem ser usados.<\/p>\n<p>Velocidade de alimenta\u00e7\u00e3o r\u00e1pida e velocidade de resfriamento.<\/p>\n<p>Alta efici\u00eancia de produ\u00e7\u00e3o, o ciclo de produ\u00e7\u00e3o de cada placa de espuma \u00e9 de 8 a 10 minutos.<\/p>\n<p>A placa de espuma produzida possui baixo teor de \u00e1gua, alta qualidade e sem deforma\u00e7\u00e3o.<\/p>\n<p>Baixo consumo de energia e baixo custo no processo de produ\u00e7\u00e3o.<\/p>\n<p>&nbsp;<\/p>\n<p><span style=\"color: #ff0000;\"><strong><span style=\"font-size: 18pt;\">\u2666 <\/span>Projeto estrutural<\/strong><\/span><\/p>\n<p>O corpo \u00e9 feito de a\u00e7o quadrado espessado e placa de a\u00e7o de alta resist\u00eancia soldada juntamente, com alta resist\u00eancia, n\u00e3o \u00e9 f\u00e1cil de se deformar e resistente e dur\u00e1vel.<\/p>\n<p>Controle centralizado da esta\u00e7\u00e3o hidr\u00e1ulica, abertura da porta \u00fanica hidr\u00e1ulica, desmolamento de eje\u00e7\u00e3o hidr\u00e1ulica e mecanismo autom\u00e1tico de travamento, sem riscos de seguran\u00e7a.<\/p>\n<p>Os instrumentos de controle, componentes el\u00e9tricos e pneum\u00e1ticos, v\u00e1rias v\u00e1lvulas e outras pe\u00e7as de suporte utilizadas s\u00e3o produtos de marca de alta qualidade em casa e no exterior, e o desempenho das m\u00e1quinas e equipamentos \u00e9 est\u00e1vel e confi\u00e1vel.<\/p>","protected":false},"excerpt":{"rendered":"<p>A m\u00e1quina ajusta o tamanho da placa do comprimento e a largura de acordo com os requisitos do cliente.<\/p>","protected":false},"featured_media":4017,"comment_status":"open","ping_status":"closed","template":"","meta":{"_acf_changed":false,"jetpack_publicize_message":"","jetpack_publicize_feature_enabled":true,"jetpack_social_post_already_shared":false,"jetpack_social_options":{"image_generator_settings":{"template":"highway","default_image_id":0,"font":"","enabled":false},"version":2}},"product_brand":[],"product_cat":[196],"product_tag":[],"class_list":{"0":"post-4016","1":"product","2":"type-product","3":"status-publish","4":"has-post-thumbnail","6":"product_cat-foam-sheet-machine","8":"first","9":"instock","10":"shipping-taxable","11":"product-type-simple"},"acf":[],"jetpack_publicize_connections":[],"_links":{"self":[{"href":"https:\/\/www.oc-epc.com\/pt\/wp-json\/wp\/v2\/product\/4016","targetHints":{"allow":["GET"]}}],"collection":[{"href":"https:\/\/www.oc-epc.com\/pt\/wp-json\/wp\/v2\/product"}],"about":[{"href":"https:\/\/www.oc-epc.com\/pt\/wp-json\/wp\/v2\/types\/product"}],"replies":[{"embeddable":true,"href":"https:\/\/www.oc-epc.com\/pt\/wp-json\/wp\/v2\/comments?post=4016"}],"wp:featuredmedia":[{"embeddable":true,"href":"https:\/\/www.oc-epc.com\/pt\/wp-json\/wp\/v2\/media\/4017"}],"wp:attachment":[{"href":"https:\/\/www.oc-epc.com\/pt\/wp-json\/wp\/v2\/media?parent=4016"}],"wp:term":[{"taxonomy":"product_brand","embeddable":true,"href":"https:\/\/www.oc-epc.com\/pt\/wp-json\/wp\/v2\/product_brand?post=4016"},{"taxonomy":"product_cat","embeddable":true,"href":"https:\/\/www.oc-epc.com\/pt\/wp-json\/wp\/v2\/product_cat?post=4016"},{"taxonomy":"product_tag","embeddable":true,"href":"https:\/\/www.oc-epc.com\/pt\/wp-json\/wp\/v2\/product_tag?post=4016"}],"curies":[{"name":"wp","href":"https:\/\/api.w.org\/{rel}","templated":true}]}}