{"id":3933,"date":"2024-11-26T13:50:36","date_gmt":"2024-11-26T05:50:36","guid":{"rendered":"https:\/\/www.oc-epc.com\/?post_type=product&#038;p=3933"},"modified":"2024-11-26T14:18:08","modified_gmt":"2024-11-26T06:18:08","slug":"silo-truong-thanh","status":"publish","type":"product","link":"https:\/\/www.oc-epc.com\/vi\/product\/maturation-silo\/","title":{"rendered":"Silo tr\u01b0\u1edfng th\u00e0nh"},"content":{"rendered":"<p>&nbsp;<\/p>\n<table style=\"height: 360px; width: 100%; border-collapse: collapse; border-color: #000000; background-color: #e6fffd; border-style: dotted;\">\n<tbody>\n<tr style=\"border-style: solid;\">\n<td style=\"width: 11.4207%; height: 360px; text-align: center; border-style: solid; border-color: #000000;\" rowspan=\"3\">H\u1ec7 th\u1ed1ng v\u1eadn chuy\u1ec3n v\u00e0 tr\u01b0\u1edfng th\u00e0nh<\/td>\n<td style=\"width: 11.8635%; height: 120px; text-align: center; border-color: #000000; border-style: solid;\">Y\u00eau c\u1ea7u an to\u00e0n<\/td>\n<td style=\"width: 42.0664%; border-collapse: collapse; border-style: solid; border-color: #000000; background-color: #e6fffd; height: 120px;\">Vi\u1ec7c chuy\u1ec3n v\u1eadn chuy\u1ec3n t\u0129nh l\u1ea7n \u0111\u1ea7u ti\u00ean \u0111\u01b0\u1ee3c th\u1ef1c hi\u1ec7n b\u1edfi c\u00f4ng ty ch\u00fang t\u00f4i t\u1ea1i Trung Qu\u1ed1c, s\u1eed d\u1ee5ng c\u00e1c \u1ed1ng th\u00e9p kh\u00f4ng g\u1ec9 \u0111\u1ec3 t\u1ef1 \u0111\u1ed9ng v\u1eadn chuy\u1ec3n c\u00e1c h\u1ea1t \u0111\u1ebfn th\u00f9ng tr\u01b0\u1edfng th\u00e0nh.<\/td>\n<td style=\"width: 96.8081%; height: 360px; border-style: solid; border-color: #000000;\" rowspan=\"3\"><img decoding=\"async\" class=\"alignnone size-medium wp-image-3935\" src=\"http:\/\/www.oc-epc.com\/wp-content\/uploads\/2024\/11\/\u56fe\u7247-2-165x300.png\" alt=\"\" width=\"165\" height=\"300\" srcset=\"\" sizes=\"(max-width: 165px) 100vw, 165px\" data-srcset=\"\" \/>\u00a0 \u00a0 \u00a0 \u00a0 \u00a0 \u00a0 <img fetchpriority=\"high\" decoding=\"async\" class=\"alignnone size-medium wp-image-3934\" src=\"http:\/\/www.oc-epc.com\/wp-content\/uploads\/2024\/11\/\u56fe\u7247-1-248x300.png\" alt=\"\" width=\"248\" height=\"300\" srcset=\"\" sizes=\"(max-width: 248px) 100vw, 248px\" data-srcset=\"\" \/><\/td>\n<\/tr>\n<tr style=\"border-style: solid;\">\n<td style=\"width: 11.8635%; height: 168px; text-align: center; border-color: #000000; border-style: solid;\">Y\u00eau c\u1ea7u ki\u1ec3m so\u00e1t<\/td>\n<td style=\"border-style: solid; width: 42.0664%; height: 168px;\">Silo tr\u01b0\u1edfng th\u00e0nh \u0111\u01b0\u1ee3c trang b\u1ecb c\u1ea3m bi\u1ebfn c\u1ea3m bi\u1ebfn m\u1ee9c v\u1eadt li\u1ec7u, t\u1ef1 \u0111\u1ed9ng ph\u00e1t hi\u1ec7n m\u1ee9c \u0111\u1ed9 v\u1eadt li\u1ec7u cao v\u00e0 th\u1ea5p;<\/td>\n<\/tr>\n<tr style=\"border-style: solid;\">\n<td style=\"width: 11.8635%; height: 72px; text-align: center; border-color: #000000; border-style: solid;\">Y\u00eau c\u1ea7u ki\u1ec3m so\u00e1t<\/td>\n<td style=\"width: 42.0664%; height: 72px; border-color: #000000; border-style: solid;\">\u00c1p d\u1ee5ng h\u1ec7 th\u1ed1ng \u0111i\u1ec1u khi\u1ec3n m\u00e0n h\u00ecnh k\u00e9p, n\u00f3 c\u00f3 th\u1ec3 hi\u1ec3n th\u1ecb c\u00e1c d\u1eef li\u1ec7u kh\u00e1c nhau v\u00e0 \u0111\u1ea1t \u0111\u01b0\u1ee3c \u0111i\u1ec1u khi\u1ec3n ch\u00ednh x\u00e1c, \u0111\u01b0\u1ee3c \u00e1p d\u1ee5ng tr\u01b0\u1edfng th\u00e0nh trong nhi\u1ec1u d\u1ef1 \u00e1n \u1edf Trung Qu\u1ed1c<\/td>\n<\/tr>\n<\/tbody>\n<\/table>\n<ul>\n<li>Th\u1eddi gian tr\u01b0\u1edfng th\u00e0nh c\u1ee7a c\u00e1c h\u1ea1t ph\u1ea3i \u0111\u01b0\u1ee3c ki\u1ec3m so\u00e1t t\u1ed1t, th\u01b0\u1eddng l\u00e0 8-12 gi\u1edd (t\u00f9y thu\u1ed9c v\u00e0o nhi\u1ec7t \u0111\u1ed9 m\u00f4i tr\u01b0\u1eddng).<\/li>\n<\/ul>\n<ul>\n<li>Khi tr\u01b0\u1edfng th\u00e0nh, \u0111i\u1ec1u quan tr\u1ecdng c\u1ea7n l\u01b0u \u00fd l\u00e0 nhi\u1ec7t \u0111\u1ed9 tr\u01b0\u1edfng th\u00e0nh kh\u00f4ng \u0111\u01b0\u1ee3c v\u01b0\u1ee3t qu\u00e1 30 v\u00e0 th\u1eddi gian kh\u00f4ng qu\u00e1 d\u00e0i (\u0111\u1eb7c bi\u1ec7t l\u00e0 v\u00e0o m\u00f9a h\u00e8, kh\u00f4ng qu\u00e1 3 ng\u00e0y), n\u1ebfu kh\u00f4ng, ch\u1ea5t t\u1ea1o b\u1ecdt trong h\u1ea1t s\u1ebd b\u1ecb m\u1ea5t qu\u00e1 nhi\u1ec1u, d\u1eabn \u0111\u1ebfn ph\u1ea3n \u1ee9ng t\u1ed5ng h\u1ee3p k\u00e9m trong qu\u00e1 tr\u00ecnh \u0111\u00fac.<\/li>\n<\/ul>\n<ul>\n<li>Th\u1eddi gian tr\u01b0\u1edfng th\u00e0nh c\u00f3 li\u00ean quan \u0111\u1ebfn nhi\u1ec7t \u0111\u1ed9 v\u00e0 \u0111\u1ed9 \u1ea9m m\u00f4i tr\u01b0\u1eddng.<\/li>\n<\/ul>\n<ul>\n<li>Khi nhi\u1ec7t \u0111\u1ed9 m\u00f4i tr\u01b0\u1eddng cao v\u00e0 \u0111\u1ed9 \u1ea9m th\u1ea5p, th\u1eddi gian tr\u01b0\u1edfng th\u00e0nh l\u00e0 ng\u1eafn;<\/li>\n<\/ul>\n<ul>\n<li>Sau khi c\u00e1c h\u1ea1t x\u1ed1p \u0111\u01b0\u1ee3c t\u1ea1o b\u1ecdt t\u1eeb m\u00e1y t\u1ea1o b\u1ecdt, ch\u00fang c\u1ea7n \u0111\u01b0\u1ee3c v\u1eadn chuy\u1ec3n \u0111\u1ebfn c\u00e1c th\u00f9ng tr\u01b0\u1edfng th\u00e0nh kh\u00e1c nhau \u0111\u1ec3 tr\u01b0\u1edfng th\u00e0nh.<\/li>\n<\/ul>\n<ul>\n<li>Tr\u01b0\u1edbc \u0111\u00e2y, c\u00e1c \u1ed1ng PVC g\u1ea7n nh\u01b0 \u0111\u01b0\u1ee3c s\u1eed d\u1ee5ng \u0111\u1ec3 v\u1eadn chuy\u1ec3n h\u1ea1t, nh\u01b0ng trong qu\u00e1 tr\u00ecnh v\u1eadn chuy\u1ec3n h\u1ea1t, m\u1ed9t l\u01b0\u1ee3ng l\u1edbn \u0111i\u1ec7n t\u0129nh s\u1ebd \u0111\u01b0\u1ee3c t\u1ea1o ra do ma s\u00e1t gi\u1eefa h\u1ea1t v\u00e0 \u1ed1ng PVC.<\/li>\n<\/ul>\n<ul>\n<li>T\u0129nh \u0111i\u1ec7n l\u00e0 th\u1ee7 ph\u1ea1m ch\u00ednh c\u1ee7a \u0111\u00e1m ch\u00e1y trong nh\u00e0 m\u00e1y b\u1ecdt.<\/li>\n<\/ul>\n<ul>\n<li>Trong c\u00e1c \u1ee9ng d\u1ee5ng th\u1ef1c t\u1ebf, nhi\u1ec1u nh\u00e0 s\u1ea3n xu\u1ea5t s\u1eed d\u1ee5ng c\u00e1c \u1ed1ng l\u1eafp t\u1ea1m th\u1eddi th\u1ee7 c\u00f4ng \u0111\u1ec3 v\u1eadn chuy\u1ec3n h\u1ea1t, d\u1eabn \u0111\u1ebfn c\u00e1c h\u1ea1t b\u1ecdt \u1edf kh\u1eafp m\u1ecdi n\u01a1i, kh\u00f4ng c\u00f3 l\u1ee3i cho s\u1ee9c kh\u1ecfe m\u00f4i tr\u01b0\u1eddng trong khi g\u00e2y l\u00e3ng ph\u00ed, v\u00e0 c\u00f3 nh\u1eefng nguy hi\u1ec3m ti\u1ec1m \u1ea9n nh\u1ea5t \u0111\u1ecbnh.<\/li>\n<\/ul>\n<ul>\n<li>H\u1ec7 th\u1ed1ng truy\u1ec1n t\u1ea3i v\u00e0 tr\u01b0\u1edfng th\u00e0nh h\u1ea1t th\u00f4ng minh t\u1ef1 \u0111\u1ed9ng v\u1eadn chuy\u1ec3n c\u00e1c h\u1ea1t \u0111\u00e3 g\u1eedi tr\u01b0\u1edbc v\u00e0o th\u00f9ng tr\u01b0\u1edfng th\u00e0nh v\u00e0 t\u1ef1 \u0111\u1ed9ng ph\u00e1t hi\u1ec7n v\u00e0 qu\u1ea3n l\u00fd th\u00f9ng tr\u01b0\u1edfng th\u00e0nh th\u00f4ng qua m\u00e1y t\u00ednh, tr\u00e1nh s\u1ef1 t\u00f9y ti\u1ec7n c\u1ee7a qu\u1ea3n l\u00fd th\u1ee7 c\u00f4ng.<\/li>\n<\/ul>\n<ul>\n<li>C\u00e1c h\u1ea1t ph\u1ea3i \u0111\u00e1p \u1ee9ng c\u00e1c y\u00eau c\u1ea7u tr\u01b0\u1edfng th\u00e0nh tr\u01b0\u1edbc khi ch\u00fang c\u00f3 th\u1ec3 \u0111\u01b0\u1ee3c s\u1eed d\u1ee5ng, l\u00e0m cho to\u00e0n b\u1ed9 v\u1ecb tr\u00ed tr\u01b0\u1edfng th\u00e0nh t\u1ea1o b\u1ecdt s\u1ea1ch s\u1ebd v\u00e0 g\u1ecdn g\u00e0ng.<\/li>\n<\/ul>\n<p>&nbsp;<\/p>","protected":false},"excerpt":{"rendered":"<p>Do \u00e1p su\u1ea5t \u00e2m b\u00ean trong c\u00e1c h\u1ea1t m\u1edbi \u0111\u01b0\u1ee3c chu\u1ea9n b\u1ecb, ch\u00fang kh\u00f4ng th\u1ec3 \u0111\u01b0\u1ee3c s\u1eed d\u1ee5ng v\u00e0 c\u1ea7n \u0111\u01b0\u1ee3c tr\u01b0\u1edfng th\u00e0nh trong m\u1ed9t kho\u1ea3ng th\u1eddi gian \u0111\u1ec3 cho ph\u00e9p kh\u00f4ng kh\u00ed v\u00e0o ph\u1ea7n b\u00ean trong c\u1ee7a c\u00e1c h\u1ea1t, do \u0111\u00f3 \u00e1p su\u1ea5t b\u00ean trong v\u00e0 b\u00ean ngo\u00e0i c\u00e1c h\u1ea1t c\u00f3 th\u1ec3 \u0111\u01b0\u1ee3c c\u00e2n b\u1eb1ng.<\/p>","protected":false},"featured_media":3944,"comment_status":"open","ping_status":"closed","template":"","meta":{"_acf_changed":false,"jetpack_publicize_message":"","jetpack_publicize_feature_enabled":true,"jetpack_social_post_already_shared":false,"jetpack_social_options":{"image_generator_settings":{"template":"highway","default_image_id":0,"font":"","enabled":false},"version":2}},"product_brand":[],"product_cat":[193],"product_tag":[],"class_list":{"0":"post-3933","1":"product","2":"type-product","3":"status-publish","4":"has-post-thumbnail","6":"product_cat-maturation-silo","8":"first","9":"instock","10":"shipping-taxable","11":"product-type-simple"},"acf":[],"jetpack_publicize_connections":[],"_links":{"self":[{"href":"https:\/\/www.oc-epc.com\/vi\/wp-json\/wp\/v2\/product\/3933","targetHints":{"allow":["GET"]}}],"collection":[{"href":"https:\/\/www.oc-epc.com\/vi\/wp-json\/wp\/v2\/product"}],"about":[{"href":"https:\/\/www.oc-epc.com\/vi\/wp-json\/wp\/v2\/types\/product"}],"replies":[{"embeddable":true,"href":"https:\/\/www.oc-epc.com\/vi\/wp-json\/wp\/v2\/comments?post=3933"}],"wp:featuredmedia":[{"embeddable":true,"href":"https:\/\/www.oc-epc.com\/vi\/wp-json\/wp\/v2\/media\/3944"}],"wp:attachment":[{"href":"https:\/\/www.oc-epc.com\/vi\/wp-json\/wp\/v2\/media?parent=3933"}],"wp:term":[{"taxonomy":"product_brand","embeddable":true,"href":"https:\/\/www.oc-epc.com\/vi\/wp-json\/wp\/v2\/product_brand?post=3933"},{"taxonomy":"product_cat","embeddable":true,"href":"https:\/\/www.oc-epc.com\/vi\/wp-json\/wp\/v2\/product_cat?post=3933"},{"taxonomy":"product_tag","embeddable":true,"href":"https:\/\/www.oc-epc.com\/vi\/wp-json\/wp\/v2\/product_tag?post=3933"}],"curies":[{"name":"WP","href":"https:\/\/api.w.org\/{rel}","templated":true}]}}