{"id":3955,"date":"2024-12-02T14:01:31","date_gmt":"2024-12-02T06:01:31","guid":{"rendered":"https:\/\/www.oc-epc.com\/?post_type=product&#038;p=3955"},"modified":"2024-12-02T14:12:13","modified_gmt":"2024-12-02T06:12:13","slug":"may-tron-son-loai-thang-may","status":"publish","type":"product","link":"https:\/\/www.oc-epc.com\/vi\/product\/lift-type-paint-mixer\/","title":{"rendered":"M\u00e1y tr\u1ed9n s\u01a1n lo\u1ea1i n\u00e2ng"},"content":{"rendered":"<ul>\n<li>B\u1ed9 ph\u00e2n t\u00e1n tr\u1ed9n ch\u00ednh v\u00e0 b\u1ec3 nh\u00fang ph\u1ee7 ch\u1ed1ng tr\u1ea7m t\u00edch di \u0111\u1ed9ng \u0111\u01b0\u1ee3c l\u00e0m b\u1eb1ng v\u1eadt li\u1ec7u th\u00e9p kh\u00f4ng g\u1ec9 304, c\u00f3 kh\u1ea3 n\u0103ng ch\u1ed1ng axit v\u00e0 ki\u1ec1m, ch\u1ed1ng \u0103n m\u00f2n v\u00e0 d\u1ec5 l\u00e0m s\u1ea1ch<\/li>\n<\/ul>\n<ul>\n<li>\u0110\u1ed9ng c\u01a1 tr\u1ed9n t\u1ed1c \u0111\u1ed9 cao \u00e1p d\u1ee5ng \u0111\u1ed9ng c\u01a1 \u0111i\u1ec1u khi\u1ec3n t\u1ed1c \u0111\u1ed9 t\u1ea7n s\u1ed1 thay \u0111\u1ed5i v\u00e0 t\u1ed1c \u0111\u1ed9 c\u1ee7a b\u1ed9 gi\u1ea3m t\u1ed1c chuy\u00ean d\u1ee5ng m\u00f4-men xo\u1eafn c\u00f3 th\u1ec3 \u0111i\u1ec1u ch\u1ec9nh t\u1eeb 0-1100 v\u00f2ng quay m\u1ed7i ph\u00fat<\/li>\n<\/ul>\n<ul>\n<li>D\u01b0\u1edbi c\u1eaft l\u01b0\u1ee1i xoay t\u1ed1c \u0111\u1ed9 cao, l\u1edbp ph\u1ee7 tinh t\u1ebf v\u00e0 kh\u00f4ng t\u1ea1o b\u1ecdt, v\u00e0 c\u00e1c \u0111\u1eb7c t\u00ednh l\u1edbp ph\u1ee7 v\u00e0 san l\u1ea5p c\u1ee7a n\u00f3 r\u1ea5t v\u01b0\u1ee3t tr\u1ed9i so v\u1edbi m\u00e1y tr\u1ed9n l\u1edbp ph\u1ee7 truy\u1ec1n th\u1ed1ng<\/li>\n<\/ul>\n<ul>\n<li>\u0110\u01b0\u1eddng k\u00ednh c\u1ee7a b\u1ec3 ng\u00e2m ch\u1ed1ng tr\u1ea7m t\u00edch l\u00e0 1,5 m\u00e9t, ph\u00f9 h\u1ee3p cho l\u1edbp ph\u1ee7 ng\u00e2m quy m\u00f4 l\u1edbn.<\/li>\n<\/ul>\n<ul>\n<li>Tr\u1ee5c ch\u00ednh tr\u1ed9n v\u00e0 b\u00e1nh xe ph\u00e2n t\u00e1n \u0111\u01b0\u1ee3c l\u00e0m b\u1eb1ng v\u1eadt li\u1ec7u b\u1eb1ng th\u00e9p kh\u00f4ng g\u1ec9<\/li>\n<\/ul>\n<ul>\n<li>M\u00e1y tr\u1ed9n v\u00e0 ph\u00e2n t\u00e1n ch\u00ednh c\u00f3 \u1ed5 c\u1eafm x\u1ea3 lo\u1ea1i d\u01b0\u1edbi c\u00f9ng, t\u1ef1 \u0111\u1ed9ng th\u00eam n\u01b0\u1edbc.<\/li>\n<\/ul>\n<p><img fetchpriority=\"high\" decoding=\"async\" class=\"wp-image-3960 alignnone\" src=\"http:\/\/www.oc-epc.com\/wp-content\/uploads\/2024\/12\/IMG_20230827_084414-300x202.jpg\" alt=\"\" width=\"392\" height=\"264\" srcset=\"\" sizes=\"(max-width: 392px) 100vw, 392px\" data-srcset=\"\" \/>\u00a0 \u00a0 \u00a0 \u00a0 \u00a0<img decoding=\"async\" class=\"wp-image-3958 alignnone\" src=\"http:\/\/www.oc-epc.com\/wp-content\/uploads\/2024\/12\/\u56fe\u7247-2-300x220.png\" alt=\"\" width=\"368\" height=\"270\" srcset=\"\" sizes=\"(max-width: 368px) 100vw, 368px\" data-srcset=\"\" \/>\u00a0 \u00a0 \u00a0 \u00a0 \u00a0 \u00a0 <img decoding=\"async\" class=\"wp-image-3956 alignnone\" src=\"http:\/\/www.oc-epc.com\/wp-content\/uploads\/2024\/12\/IMG_20230827_084226-300x201.jpg\" alt=\"\" width=\"400\" height=\"268\" srcset=\"\" sizes=\"(max-width: 400px) 100vw, 400px\" data-srcset=\"\" \/><\/p>","protected":false},"excerpt":{"rendered":"<p>B\u1ed9 tr\u1ed9n s\u01a1n bao g\u1ed3m m\u1ed9t b\u1ed9 ph\u00e2n t\u00e1n tr\u1ed9n ch\u00ednh v\u00e0 m\u1ed9t b\u1ec3 ch\u1ee9a ch\u1ea5t ch\u1ed1ng tr\u1ea7m t\u00edch di \u0111\u1ed9ng<\/p>","protected":false},"featured_media":3963,"comment_status":"open","ping_status":"closed","template":"","meta":{"_acf_changed":false,"jetpack_publicize_message":"","jetpack_publicize_feature_enabled":true,"jetpack_social_post_already_shared":false,"jetpack_social_options":{"image_generator_settings":{"template":"highway","default_image_id":0,"font":"","enabled":false},"version":2}},"product_brand":[],"product_cat":[194],"product_tag":[],"class_list":{"0":"post-3955","1":"product","2":"type-product","3":"status-publish","4":"has-post-thumbnail","6":"product_cat-lift-type-paint-mixer","8":"first","9":"instock","10":"shipping-taxable","11":"product-type-simple"},"acf":[],"jetpack_publicize_connections":[],"_links":{"self":[{"href":"https:\/\/www.oc-epc.com\/vi\/wp-json\/wp\/v2\/product\/3955","targetHints":{"allow":["GET"]}}],"collection":[{"href":"https:\/\/www.oc-epc.com\/vi\/wp-json\/wp\/v2\/product"}],"about":[{"href":"https:\/\/www.oc-epc.com\/vi\/wp-json\/wp\/v2\/types\/product"}],"replies":[{"embeddable":true,"href":"https:\/\/www.oc-epc.com\/vi\/wp-json\/wp\/v2\/comments?post=3955"}],"wp:featuredmedia":[{"embeddable":true,"href":"https:\/\/www.oc-epc.com\/vi\/wp-json\/wp\/v2\/media\/3963"}],"wp:attachment":[{"href":"https:\/\/www.oc-epc.com\/vi\/wp-json\/wp\/v2\/media?parent=3955"}],"wp:term":[{"taxonomy":"product_brand","embeddable":true,"href":"https:\/\/www.oc-epc.com\/vi\/wp-json\/wp\/v2\/product_brand?post=3955"},{"taxonomy":"product_cat","embeddable":true,"href":"https:\/\/www.oc-epc.com\/vi\/wp-json\/wp\/v2\/product_cat?post=3955"},{"taxonomy":"product_tag","embeddable":true,"href":"https:\/\/www.oc-epc.com\/vi\/wp-json\/wp\/v2\/product_tag?post=3955"}],"curies":[{"name":"WP","href":"https:\/\/api.w.org\/{rel}","templated":true}]}}