{"id":3966,"date":"2024-12-02T14:25:33","date_gmt":"2024-12-02T06:25:33","guid":{"rendered":"https:\/\/www.oc-epc.com\/?post_type=product&#038;p=3966"},"modified":"2024-12-02T14:25:34","modified_gmt":"2024-12-02T06:25:34","slug":"he-thong-chan-khong-trung-tam","status":"publish","type":"product","link":"https:\/\/www.oc-epc.com\/vi\/product\/central-vacuum-system\/","title":{"rendered":"H\u1ec7 th\u1ed1ng ch\u00e2n kh\u00f4ng trung t\u00e2m"},"content":{"rendered":"<ul>\n<li>\u0110\u01a1n v\u1ecb ch\u00e2n kh\u00f4ng trung t\u00e2m \u00e1p d\u1ee5ng \u0111i\u1ec1u khi\u1ec3n t\u1ef1 \u0111\u1ed9ng PLC v\u00e0 thi\u1ebft b\u1ecb ng\u01b0ng t\u1ee5 th\u00e1p ho\u1ea1t \u0111\u1ed9ng trong m\u1ed9t chu k\u1ef3 k\u00edn<\/li>\n<\/ul>\n<ul>\n<li>B\u01a1m \u00e1p su\u1ea5t \u00e2m \u00e1p d\u1ee5ng nhi\u1ec1u b\u1ed9 \u0111i\u1ec1u khi\u1ec3n t\u1ea7n s\u1ed1 thay \u0111\u1ed5i v\u00e0 c\u00f3 ch\u1ee9c n\u0103ng d\u1eebng kh\u1edfi \u0111\u1ed9ng th\u00edch \u1ee9ng<\/li>\n<\/ul>\n<ul>\n<li>\u00c1p su\u1ea5t \u00e2m c\u1ee7a h\u1ec7 th\u1ed1ng \u0111\u01b0\u1ee3c duy tr\u00ec \u1edf m\u1ee9c -0,5MPa \u0111\u1ebfn -0,8MPa v\u00e0 th\u1ec3 t\u00edch b\u01a1m c\u1ee7a m\u1ed9t b\u01a1m l\u00e0 \u2265 250m3 {{url_placeholder_0}}<\/li>\n<\/ul>\n<ul>\n<li>H\u1ec7 th\u1ed1ng l\u00e0m m\u00e1t ch\u00e2n kh\u00f4ng bao g\u1ed3m b\u1ec3 ch\u00e2n kh\u00f4ng v\u00e0 b\u1ec3 tho\u00e1t n\u01b0\u1edbc, v\u1edbi kh\u1ed1i l\u01b0\u1ee3ng t\u01b0\u01a1ng \u1ee9ng l\u00e0 8m v\u00e0 0,5m;<\/li>\n<\/ul>\n<ul>\n<li>\u0110\u1ed9 tho\u00e1t n\u01b0\u1edbc c\u1ee7a h\u1ec7 th\u1ed1ng ch\u00e2n kh\u00f4ng \u0111\u01b0\u1ee3c \u0111i\u1ec1u khi\u1ec3n t\u1ef1 \u0111\u1ed9ng b\u1edfi PLC, v\u1edbi \u00e1p su\u1ea5t \u00e2m l\u00e0 -4 ~ -6MPa trong qu\u00e1 tr\u00ecnh ho\u1ea1t \u0111\u1ed9ng;<\/li>\n<\/ul>\n<ul>\n<li>H\u1ec7 th\u1ed1ng ch\u00e2n kh\u00f4ng \u00e1p d\u1ee5ng h\u1ec7 th\u1ed1ng thu h\u1ed3i nhi\u1ec7t n\u0103ng l\u01b0\u1ee3ng kh\u00f4ng kh\u00ed kh\u00e9p k\u00edn, ph\u1ee5c h\u1ed3i v\u00e0 s\u1eed d\u1ee5ng nhi\u1ec7t b\u00ean trong khu\u00f4n m\u00e1y \u0111\u00fac v\u00e0 g\u1eedi n\u00f3 \u0111\u1ebfn ph\u00f2ng s\u1ea5y;<\/li>\n<\/ul>\n<p>&nbsp;<\/p>","protected":false},"excerpt":{"rendered":"<p>M\u1ed9t c\u1ea5u tr\u00fac ng\u01b0ng t\u1ee5 \u0111\u01b0\u1ee3c thi\u1ebft k\u1ebf chuy\u00ean nghi\u1ec7p \u0111\u1ec3 c\u1ea3i thi\u1ec7n hi\u1ec7u qu\u1ea3 ng\u01b0ng t\u1ee5.<\/p>","protected":false},"featured_media":3970,"comment_status":"open","ping_status":"closed","template":"","meta":{"_acf_changed":false,"jetpack_publicize_message":"","jetpack_publicize_feature_enabled":true,"jetpack_social_post_already_shared":false,"jetpack_social_options":{"image_generator_settings":{"template":"highway","default_image_id":0,"font":"","enabled":false},"version":2}},"product_brand":[],"product_cat":[195],"product_tag":[],"class_list":{"0":"post-3966","1":"product","2":"type-product","3":"status-publish","4":"has-post-thumbnail","6":"product_cat-central-vacuum-system","8":"first","9":"instock","10":"shipping-taxable","11":"product-type-simple"},"acf":[],"jetpack_publicize_connections":[],"_links":{"self":[{"href":"https:\/\/www.oc-epc.com\/vi\/wp-json\/wp\/v2\/product\/3966","targetHints":{"allow":["GET"]}}],"collection":[{"href":"https:\/\/www.oc-epc.com\/vi\/wp-json\/wp\/v2\/product"}],"about":[{"href":"https:\/\/www.oc-epc.com\/vi\/wp-json\/wp\/v2\/types\/product"}],"replies":[{"embeddable":true,"href":"https:\/\/www.oc-epc.com\/vi\/wp-json\/wp\/v2\/comments?post=3966"}],"wp:featuredmedia":[{"embeddable":true,"href":"https:\/\/www.oc-epc.com\/vi\/wp-json\/wp\/v2\/media\/3970"}],"wp:attachment":[{"href":"https:\/\/www.oc-epc.com\/vi\/wp-json\/wp\/v2\/media?parent=3966"}],"wp:term":[{"taxonomy":"product_brand","embeddable":true,"href":"https:\/\/www.oc-epc.com\/vi\/wp-json\/wp\/v2\/product_brand?post=3966"},{"taxonomy":"product_cat","embeddable":true,"href":"https:\/\/www.oc-epc.com\/vi\/wp-json\/wp\/v2\/product_cat?post=3966"},{"taxonomy":"product_tag","embeddable":true,"href":"https:\/\/www.oc-epc.com\/vi\/wp-json\/wp\/v2\/product_tag?post=3966"}],"curies":[{"name":"WP","href":"https:\/\/api.w.org\/{rel}","templated":true}]}}