{"id":3989,"date":"2024-12-11T14:06:32","date_gmt":"2024-12-11T06:06:32","guid":{"rendered":"https:\/\/www.oc-epc.com\/?post_type=product&#038;p=3989"},"modified":"2024-12-11T14:06:32","modified_gmt":"2024-12-11T06:06:32","slug":"may-say-khong-khi-gan-tren","status":"publish","type":"product","link":"https:\/\/www.oc-epc.com\/vi\/product\/top-mounted-air-dryer\/","title":{"rendered":"M\u00e1y s\u1ea5y kh\u00f4ng kh\u00ed g\u1eafn tr\u00ean c\u00f9ng"},"content":{"rendered":"<table style=\"border-collapse: collapse; width: 95.2768%;\">\n<tbody>\n<tr>\n<td style=\"width: 13.9237%; text-align: center;\" rowspan=\"3\"><strong>M\u00e1y b\u01a1m nhi\u1ec7t v\u00e0 m\u00e1y b\u01a1m nhi\u1ec7t c\u1ee7a ngu\u1ed3n kh\u00f4ng kh\u00ed<\/strong><\/td>\n<td style=\"width: 27.4292%; text-align: center;\">Y\u00eau c\u1ea7u ki\u1ec3m so\u00e1t nhi\u1ec7t \u0111\u1ed9 v\u00e0 \u0111\u1ed9 \u1ea9m<\/td>\n<td style=\"width: 53.9238%;\">Vi\u1ec7c \u00e1p d\u1ee5ng ch\u1ebf \u0111\u1ed9 bi\u1ebfn m\u1ea5t m\u00e1y b\u01a1m nhi\u1ec7t v\u00e0 m\u00e1y b\u01a1m nhi\u1ec7t kh\u00f4ng kh\u00ed kh\u00f4ng kh\u00ed chuy\u00ean d\u1ee5ng, nhi\u1ec7t \u0111\u1ed9 c\u00f3 th\u1ec3 \u0111\u01b0\u1ee3c \u0111i\u1ec1u ch\u1ec9nh t\u1ef1 do trong kho\u1ea3ng 35-60, ch\u00eanh l\u1ec7ch nhi\u1ec7t \u0111\u1ed9 trong ph\u00f2ng nh\u1ecf h\u01a1n 5 v\u00e0 \u0111\u1ed9 \u1ea9m t\u01b0\u01a1ng \u0111\u1ed1i t\u1ed1i thi\u1ec3u trong ph\u00f2ng s\u1ea5y c\u00f3 th\u1ec3 \u0111\u01b0\u1ee3c ki\u1ec3m so\u00e1t \u1edf m\u1ee9c 15% ho\u1eb7c th\u1ea5p h\u01a1n.<\/td>\n<\/tr>\n<tr>\n<td style=\"width: 27.4292%; text-align: center;\">Ch\u1ebf \u0111\u1ed9 h\u00fat \u1ea9m v\u00e0 kh\u1ea3 n\u0103ng thu h\u1ed3i nhi\u1ec7t<\/td>\n<td style=\"width: 53.9238%;\">The air source heat pump dryer adopts the most advanced open-loop and closed-loop integrated design, using a three-layer heat recovery mode. During the dehumidification process, the residual heat recovery rate is greater than 70%, which recovers the heat of the moisture in the drying room, removes the moisture, and only drains water without discharging heat. The COP is higher than 2.0<\/td>\n<\/tr>\n<tr>\n<td style=\"width: 27.4292%; text-align: center;\">Giao di\u1ec7n v\u1eadn h\u00e0nh m\u00e1y t\u00ednh c\u1ee7a con ng\u01b0\u1eddi<\/td>\n<td style=\"width: 53.9238%;\">\u0110\u01b0\u1ee3c trang b\u1ecb b\u1ed9 \u0111i\u1ec1u khi\u1ec3n LCD tr\u1ef1c quan, tr\u1ea1ng th\u00e1i ho\u1ea1t \u0111\u1ed9ng, th\u00f4ng tin l\u1ed7i v\u00e0 c\u00e1c th\u00f4ng s\u1ed1 x\u1eed l\u00fd c\u1ee7a ph\u00f2ng s\u1ea5y l\u00e0 r\u00f5 r\u00e0ng trong nh\u00e1y m\u1eaft.<\/td>\n<\/tr>\n<\/tbody>\n<\/table>","protected":false},"excerpt":{"rendered":"<p>Nghi\u00ean c\u1ee9u v\u00e0 ph\u00e1t tri\u1ec3n c\u1ee7a c\u00f4ng ty ch\u00fang t\u00f4i v\u1ec1 m\u00e1y ch\u1ee7 n\u0103ng l\u01b0\u1ee3ng kh\u00f4ng kh\u00ed chuy\u00ean d\u1ee5ng c\u1ee7a c\u00f4ng ty s\u1eed d\u1ee5ng m\u00e1y b\u01a1m nhi\u1ec7t n\u0103ng l\u01b0\u1ee3ng kh\u00f4ng kh\u00ed hi\u1ec7u qu\u1ea3 nh\u1ea5t l\u00e0m ngu\u1ed3n nhi\u1ec7t ch\u00ednh.<\/p>","protected":false},"featured_media":3994,"comment_status":"open","ping_status":"closed","template":"","meta":{"_acf_changed":false,"jetpack_publicize_message":"","jetpack_publicize_feature_enabled":true,"jetpack_social_post_already_shared":false,"jetpack_social_options":{"image_generator_settings":{"template":"highway","default_image_id":0,"font":"","enabled":false},"version":2}},"product_brand":[],"product_cat":[15],"product_tag":[],"class_list":{"0":"post-3989","1":"product","2":"type-product","3":"status-publish","4":"has-post-thumbnail","6":"product_cat-top-mounted-air-dryer","8":"first","9":"instock","10":"shipping-taxable","11":"product-type-simple"},"acf":[],"jetpack_publicize_connections":[],"_links":{"self":[{"href":"https:\/\/www.oc-epc.com\/vi\/wp-json\/wp\/v2\/product\/3989","targetHints":{"allow":["GET"]}}],"collection":[{"href":"https:\/\/www.oc-epc.com\/vi\/wp-json\/wp\/v2\/product"}],"about":[{"href":"https:\/\/www.oc-epc.com\/vi\/wp-json\/wp\/v2\/types\/product"}],"replies":[{"embeddable":true,"href":"https:\/\/www.oc-epc.com\/vi\/wp-json\/wp\/v2\/comments?post=3989"}],"wp:featuredmedia":[{"embeddable":true,"href":"https:\/\/www.oc-epc.com\/vi\/wp-json\/wp\/v2\/media\/3994"}],"wp:attachment":[{"href":"https:\/\/www.oc-epc.com\/vi\/wp-json\/wp\/v2\/media?parent=3989"}],"wp:term":[{"taxonomy":"product_brand","embeddable":true,"href":"https:\/\/www.oc-epc.com\/vi\/wp-json\/wp\/v2\/product_brand?post=3989"},{"taxonomy":"product_cat","embeddable":true,"href":"https:\/\/www.oc-epc.com\/vi\/wp-json\/wp\/v2\/product_cat?post=3989"},{"taxonomy":"product_tag","embeddable":true,"href":"https:\/\/www.oc-epc.com\/vi\/wp-json\/wp\/v2\/product_tag?post=3989"}],"curies":[{"name":"WP","href":"https:\/\/api.w.org\/{rel}","templated":true}]}}